{"id":998,"date":"2024-08-13T08:46:39","date_gmt":"2024-08-13T08:46:39","guid":{"rendered":"https:\/\/www.soho-jlm.co.il\/?page_id=998"},"modified":"2025-12-09T11:54:32","modified_gmt":"2025-12-09T11:54:32","slug":"accessibility-statement","status":"publish","type":"page","link":"https:\/\/www.soho-jlm.co.il\/fr\/accessibility-statement\/","title":{"rendered":"D\u00e9claration d'accessibilit\u00e9"},"content":{"rendered":"<div data-elementor-type=\"wp-page\" data-elementor-id=\"998\" class=\"elementor elementor-998\" data-elementor-post-type=\"page\">\n\t\t\t\t<div class=\"elementor-element elementor-element-198232b e-flex e-con-boxed e-con e-parent\" data-id=\"198232b\" data-element_type=\"container\" data-e-type=\"container\">\n\t\t\t\t\t<div class=\"e-con-inner\">\n\t\t\t\t<div class=\"elementor-element elementor-element-6e5d9ef elementor-widget elementor-widget-heading\" data-id=\"6e5d9ef\" data-element_type=\"widget\" data-e-type=\"widget\" data-widget_type=\"heading.default\">\n\t\t\t\t<div class=\"elementor-widget-container\">\n\t\t\t\t\t<h1 class=\"elementor-heading-title elementor-size-default\">D\u00e9claration d'accessibilit\u00e9<\/h1>\t\t\t\t<\/div>\n\t\t\t\t<\/div>\n\t\t\t\t<div class=\"elementor-element elementor-element-1fb155d elementor-invisible elementor-widget elementor-widget-text-editor\" data-id=\"1fb155d\" data-element_type=\"widget\" data-e-type=\"widget\" data-settings=\"{&quot;_animation&quot;:&quot;fadeInUp&quot;}\" data-no-translation=\"\" data-widget_type=\"text-editor.default\">\n\t\t\t\t<div class=\"elementor-widget-container\">\n\t\t\t\t\t<style>.elementor-element-1fb155d{display:none !important}<\/style>\t\t\t\t<\/div>\n\t\t\t\t<\/div>\n\t\t\t\t<div class=\"elementor-element elementor-element-520b78a elementor-invisible elementor-widget elementor-widget-text-editor\" data-id=\"520b78a\" data-element_type=\"widget\" data-e-type=\"widget\" data-settings=\"{&quot;_animation&quot;:&quot;fadeInUp&quot;}\" data-no-translation=\"\" data-widget_type=\"text-editor.default\">\n\t\t\t\t<div class=\"elementor-widget-container\">\n\t\t\t\t\t<style>.elementor-element-520b78a{display:none !important}<\/style>\t\t\t\t<\/div>\n\t\t\t\t<\/div>\n\t\t\t\t<div class=\"elementor-element elementor-element-2a7ff90 elementor-invisible elementor-widget elementor-widget-text-editor\" data-id=\"2a7ff90\" data-element_type=\"widget\" data-e-type=\"widget\" data-settings=\"{&quot;_animation&quot;:&quot;fadeInUp&quot;}\" data-no-translation=\"\" data-widget_type=\"text-editor.default\">\n\t\t\t\t<div class=\"elementor-widget-container\">\n\t\t\t\t\t\t\t\t\t<p>SOHO, par Africa Urban Renewal et Kidmat HaYovel, est responsable de l\u2019\u00e9tablissement et de l\u2019exploitation de ce site Web, \u00e0 l\u2019adresse <a href=\"https:\/\/www.soho-jlm.co.il\/\">https:\/\/www.soho-jlm.co.il\/<\/a>. Nous sommes convaincus qu\u2019il est de la plus haute importance de fournir des services \u00e9quitables et inclusifs \u00e0 tous et \u00e0 toutes, tout comme il est n\u00e9cessaire d\u2019offrir des services am\u00e9lior\u00e9s aux personnes handicap\u00e9es.<\/p><p>Nous avons donc investi des ressources cons\u00e9quentes dans le but d\u2019am\u00e9liorer l\u2019accessibilit\u00e9 de nos sites Web et de nos autres actifs num\u00e9riques, et nous veillons \u00e0 ce qu\u2019ils soient plus accessibles aux personnes handicap\u00e9es.<\/p><p>Environ 20\u00a0% des habitants d\u2019Isra\u00ebl souffrent d\u2019une forme de handicap et utilisent les fonctions d\u2019accessibilit\u00e9 en ligne pour b\u00e9n\u00e9ficier d\u2019informations et de prestations g\u00e9n\u00e9rales.<\/p><p>Les fonctions d\u2019accessibilit\u00e9 de ce site Web d\u2019Africa Israel Residences sont destin\u00e9es \u00e0 le rendre plus convivial et plus pratique pour toutes les personnes ayant des besoins particuliers, y compris les personnes pr\u00e9sentant divers handicaps moteurs, cognitifs, auditifs ou visuels, dont la myopie et le daltonisme, ainsi que les utilisateurs plus \u00e2g\u00e9s.<\/p><p>Les solutions d\u2019accessibilit\u00e9 propos\u00e9es sur ce site Web ont \u00e9t\u00e9 fournies par Vee Website Accessibility.<\/p><p><strong>Niveau d\u2019accessibilit\u00e9 des sites Web AA<\/strong><\/p><p>Vee Website Accessibility a proc\u00e9d\u00e9 \u00e0 des adaptations en mati\u00e8re d\u2019accessibilit\u00e9 sur ce site Web, compatibles avec les navigateurs et les t\u00e9l\u00e9phones mobiles les plus courants, dans la mesure du possible. Les fonctionnalit\u00e9s ont \u00e9t\u00e9 test\u00e9es avec les lecteurs d\u2019\u00e9cran NVDA et JAWS.<\/p><p>Ce site Web est conforme aux dispositions du R\u00e8glement de 2013 sur l\u2019\u00e9galit\u00e9 des droits pour les personnes handicap\u00e9es (Adaptations de l\u2019accessibilit\u00e9 des Services) (Niveau\u00a0AA). Il met \u00e9galement en \u0153uvre les recommandations du document WCAG\u00a02.2 publi\u00e9 par le World Wide Web Consortium (W3C).<\/p><p>R\u00e8gles pour l\u2019accessibilit\u00e9 des contenus Web (WCAG) 2.0<\/p><p>L\u2019accessibilit\u00e9 du site Web a \u00e9galement \u00e9t\u00e9 rendue possible conform\u00e9ment aux r\u00e8gles de l\u2019Autorit\u00e9 des TIC pour l\u2019accessibilit\u00e9 des applications dans les navigateurs Internet.<\/p><p><strong>Comment passer en mode d\u2019accessibilit\u00e9\u00a0? <\/strong><\/p><p>Sur le site Web, vous verrez une ic\u00f4ne d\u2019accessibilit\u00e9 (g\u00e9n\u00e9ralement sur toutes les pages). Cliquez sur cette ic\u00f4ne pour ouvrir le menu d\u2019accessibilit\u00e9. Une fois que vous avez s\u00e9lectionn\u00e9 la fonction d\u2019accessibilit\u00e9 appropri\u00e9e dans le menu, attendez que la page se recharge et vous pourrez constater que l\u2019affichage a \u00e9t\u00e9 modifi\u00e9 conform\u00e9ment \u00e0 vos pr\u00e9f\u00e9rences (le cas \u00e9ch\u00e9ant).<\/p><p>Si vous souhaitez d\u00e9sactiver la fonction, cliquez \u00e0 nouveau dessus dans le menu. Dans tous les cas, les param\u00e8tres d\u2019accessibilit\u00e9 peuvent toujours \u00eatre r\u00e9initialis\u00e9s.<\/p><p>La compatibilit\u00e9 des fonctions d\u2019accessibilit\u00e9 avec les navigateurs les plus courants (Chrome, Firefox, Safari, Opera) a \u00e9t\u00e9 test\u00e9e, sous r\u00e9serve des conditions g\u00e9n\u00e9rales du fabricant. Chrome est recommand\u00e9 pour les fonctions d\u2019accessibilit\u00e9.<\/p><p>Le site Web fournit une structure s\u00e9mantique adapt\u00e9e aux technologies d\u2019assistance et prend en charge la navigation standard au clavier \u00e0 l\u2019aide des touches directionnelles, de la touche Entr\u00e9e et de la touche \u00c9chap pour quitter les menus et les fen\u00eatres.<\/p><p>Si vous utilisez un lecteur d\u2019\u00e9cran, nous vous recommandons la derni\u00e8re version du logiciel NVDA pour une meilleure exp\u00e9rience de navigation.<\/p><p><strong>Adaptations et mises \u00e0 jour du site Web<\/strong><\/p><ul><li>Compatible avec les lecteurs d\u2019\u00e9cran \u2013 adapt\u00e9 aux technologies d\u2019assistance telles que NVDA et JAWS<\/li><li>Une navigation simple et intuitive<\/li><li>Les contenus sont r\u00e9dig\u00e9s de mani\u00e8re claire, ordonn\u00e9e et hi\u00e9rarchis\u00e9e<\/li><li>Optimis\u00e9 pour les navigateurs modernes<\/li><li>Affichage compatible avec une vari\u00e9t\u00e9 d\u2019\u00e9crans et de r\u00e9solutions<\/li><li>Toutes les pages suivent une structure fixe (H1\/H2\/H3, etc.)<\/li><li>Toutes les images sont accompagn\u00e9es d\u2019une description textuelle alternative (\u00ab\u00a0alt\u00a0\u00bb)<\/li><\/ul><p><strong>Fonctions d\u2019accessibilit\u00e9\u00a0:<\/strong><\/p><ul><li>Compatible avec les lecteurs d\u2019\u00e9cran, tels que NVDA et JAWS<\/li><li>Blocage des clignotements \u2013 arr\u00eat des animations et autres \u00e9l\u00e9ments en mouvement<\/li><li>Passage au contenu \u2013 permet de contourner le menu principal et d\u2019acc\u00e9der directement au contenu<\/li><li>Compatible avec la navigation au clavier<\/li><li>Augmentation\/diminution de la taille du texte<\/li><li>Modification de l\u2019espacement entre les lettres, les mots et les lignes<\/li><li>Couleur et contraste \u2013 \u00e9lev\u00e9s, invers\u00e9s, monochromes<\/li><li>Remplacement de la police par une police plus lisible<\/li><li>Mise en \u00e9vidence des liens<\/li><li>Mode lecture<\/li><li>Modification de l\u2019ic\u00f4ne du curseur<\/li><li>Affichage d\u2019une description alternative des images<\/li><\/ul><p><strong>Exceptions<\/strong><\/p><p>Malgr\u00e9 tous nos efforts pour rendre toutes les pages et tous les \u00e9l\u00e9ments de ce site Web accessibles, il est important de noter que certains aspects ou certaines parties n\u2019en sont pas enti\u00e8rement accessibles ou sont encore en cours d\u2019adaptation. Nous nous effor\u00e7ons constamment d\u2019am\u00e9liorer l\u2019accessibilit\u00e9 de ce site Web dans le cadre de notre engagement \u00e0 le rendre accessible \u00e0 tous et \u00e0 toutes, y compris aux personnes handicap\u00e9es.<\/p><p><strong>Accessibilit\u00e9 dans les locaux de la soci\u00e9t\u00e9 et les bureaux de vente<\/strong><\/p><p>Les am\u00e9nagements d\u2019accessibilit\u00e9 dans les locaux de la soci\u00e9t\u00e9 sont conformes \u00e0 la r\u00e9glementation en vigueur. Chaque page de projet indique si le bureau de vente pour le projet en question est accessible ou si une r\u00e9union t\u00e9l\u00e9phonique peut \u00eatre organis\u00e9e.<\/p><p><strong>Demandes de renseignements relatives \u00e0 l\u2019accessibilit\u00e9<\/strong><\/p><p>Si vous rencontrez des difficult\u00e9s li\u00e9es \u00e0 l\u2019accessibilit\u00e9 de ce site Web, n\u2019h\u00e9sitez pas \u00e0 contacter notre coordinateur pour l\u2019accessibilit\u00e9 afin de lui faire part de vos commentaires et de vos demandes.<\/p><p>Pour nous permettre de r\u00e9soudre au mieux ce probl\u00e8me, nous vous invitons \u00e0 nous fournir le plus d\u2019informations possible, notamment\u00a0:<\/p><ul><li>Une description du probl\u00e8me<\/li><li>Que cherchiez-vous \u00e0 faire\u00a0?<\/li><li>Sur quelle page vous trouviez-vous\u00a0? (inclure un lien)<\/li><li>Le type et la version de votre navigateur<\/li><li>Votre syst\u00e8me d\u2019exploitation<\/li><li>Le type de technologie d\u2019assistance (le cas \u00e9ch\u00e9ant)<\/li><\/ul><p>Africa Israel Residences fera tout son possible pour garantir que ce site Web offre une accessibilit\u00e9 optimale, et que nous r\u00e9pondons \u00e0 toutes les demandes de renseignements de mani\u00e8re rapide et professionnelle.<\/p><p>Pour toutes vos questions concernant l\u2019accessibilit\u00e9, vous pouvez nous contacter de l\u2019une des mani\u00e8res suivantes\u00a0:<\/p><p>T\u00e9l.\u00a0: (+972) 03-7402511<\/p><p>E-mail\u00a0: <a href=\"mailto:itzik@africa-israel.com\">itzik@africa-israel.com<\/a><\/p><p>Coordinateur pour l\u2019accessibilit\u00e9\u00a0: Itzik Blau<\/p><p>Derni\u00e8re mise \u00e0 jour de cette D\u00e9claration d\u2019accessibilit\u00e9 : 09\/12\/2025<\/p>\t\t\t\t\t\t\t\t<\/div>\n\t\t\t\t<\/div>\n\t\t\t\t<div class=\"elementor-element elementor-element-1d43e9d elementor-invisible elementor-widget elementor-widget-text-editor\" data-id=\"1d43e9d\" data-element_type=\"widget\" data-e-type=\"widget\" data-settings=\"{&quot;_animation&quot;:&quot;fadeInUp&quot;}\" data-no-translation=\"\" data-widget_type=\"text-editor.default\">\n\t\t\t\t<div class=\"elementor-widget-container\">\n\t\t\t\t\t<style>.elementor-element-1d43e9d{display:none !important}<\/style>\t\t\t\t<\/div>\n\t\t\t\t<\/div>\n\t\t\t\t\t<\/div>\n\t\t\t\t<\/div>\n\t\t\t\t<\/div>","protected":false},"excerpt":{"rendered":"<p>SOHO \u05de\u05d1\u05d9\u05ea \u05d0\u05e4\u05e8\u05d9\u05e7\u05d4 \u05d4\u05ea\u05d7\u05d3\u05e9\u05d5\u05ea \u05e2\u05d9\u05e8\u05d5\u05e0\u05d9\u05ea \u05d5\u05d7\u05d1\u05e8\u05ea \u05e7\u05d3\u05de\u05ea \u05d4\u05d9\u05d5\u05d1\u05dc, \u05d0\u05d7\u05e8\u05d0\u05d9\u05ea \u05e2\u05dc \u05d4\u05e7\u05de\u05ea \u05d5\u05d4\u05e4\u05e2\u05dc\u05ea \u05d0\u05ea\u05e8 : https:\/\/www.soho-jlm.co.il\/. \u05d0\u05e0\u05d5 \u05e8\u05d5\u05d0\u05d9\u05dd \u05d7\u05e9\u05d9\u05d1\u05d5\u05ea \u05e8\u05d1\u05d4 \u05d1\u05de\u05ea\u05df \u05e9\u05d9\u05e8\u05d5\u05ea \u05e9\u05d5\u05d5\u05d9\u05d5\u05e0\u05d9 \u05dc\u05db\u05dc\u05dc \u05d4\u05d0\u05d6\u05e8\u05d7\u05d9\u05dd \u05d5\u05d1\u05e9\u05d9\u05e4\u05d5\u05e8 \u05d4\u05e9\u05d9\u05e8\u05d5\u05ea \u05d4\u05e0\u05d9\u05ea\u05df \u05dc\u05d0\u05d6\u05e8\u05d7\u05d9\u05dd \u05e2\u05dd \u05de\u05d5\u05d2\u05d1\u05dc\u05d5\u05ea.\u05d0\u05e0\u05d5 \u05de\u05e9\u05e7\u05d9\u05e2\u05d9\u05dd \u05de\u05e9\u05d0\u05d1\u05d9\u05dd \u05e8\u05d1\u05d9\u05dd \u05d1\u05d4\u05e0\u05d2\u05e9\u05ea \u05d4\u05d0\u05ea\u05e8 \u05d5\u05d4\u05e0\u05db\u05e1\u05d9\u05dd \u05d4\u05d3\u05d9\u05d2\u05d9\u05d8\u05dc\u05d9\u05d9\u05dd \u05e9\u05dc\u05e0\u05d5 \u05e2\u05dc \u05de\u05e0\u05ea \u05dc\u05d4\u05e4\u05d5\u05da \u05d0\u05ea \u05e9\u05d9\u05e8\u05d5\u05ea\u05d9 \u05d4\u05d7\u05d1\u05e8\u05d4 \u05dc\u05d6\u05de\u05d9\u05e0\u05d9\u05dd \u05d9\u05d5\u05ea\u05e8 \u05e2\u05d1\u05d5\u05e8 \u05d0\u05e0\u05e9\u05d9\u05dd \u05e2\u05dd \u05de\u05d5\u05d2\u05d1\u05dc\u05d5\u05ea. \u05d1\u05de\u05d3\u05d9\u05e0\u05ea \u05d9\u05e9\u05e8\u05d0\u05dc \u05db-20 \u05d0\u05d7\u05d5\u05d6\u05d9\u05dd \u05de\u05e7\u05e8\u05d1 [&hellip;]<\/p>\n","protected":false},"author":1,"featured_media":0,"parent":0,"menu_order":0,"comment_status":"closed","ping_status":"closed","template":"","meta":{"footnotes":""},"class_list":["post-998","page","type-page","status-publish","hentry"],"yoast_head":"<!-- This site is optimized with the Yoast SEO plugin v27.4 - https:\/\/yoast.com\/product\/yoast-seo-wordpress\/ -->\n<title>\u05d4\u05e6\u05d4\u05e8\u05ea \u05e0\u05d2\u05d9\u05e9\u05d5\u05ea - SOHO \u05d4\u05d0\u05d9\u05d9\u05e7\u05d5\u05df \u05d4\u05d7\u05d3\u05e9 \u05e9\u05dc \u05d9\u05e8\u05d5\u05e9\u05dc\u05d9\u05dd<\/title>\n<meta name=\"robots\" content=\"index, follow, max-snippet:-1, max-image-preview:large, max-video-preview:-1\" \/>\n<link rel=\"canonical\" href=\"https:\/\/www.soho-jlm.co.il\/fr\/accessibility-statement\/\" \/>\n<meta property=\"og:locale\" content=\"fr_FR\" \/>\n<meta property=\"og:type\" content=\"article\" \/>\n<meta property=\"og:title\" content=\"\u05d4\u05e6\u05d4\u05e8\u05ea \u05e0\u05d2\u05d9\u05e9\u05d5\u05ea - SOHO \u05d4\u05d0\u05d9\u05d9\u05e7\u05d5\u05df \u05d4\u05d7\u05d3\u05e9 \u05e9\u05dc \u05d9\u05e8\u05d5\u05e9\u05dc\u05d9\u05dd\" \/>\n<meta property=\"og:description\" content=\"SOHO \u05de\u05d1\u05d9\u05ea \u05d0\u05e4\u05e8\u05d9\u05e7\u05d4 \u05d4\u05ea\u05d7\u05d3\u05e9\u05d5\u05ea \u05e2\u05d9\u05e8\u05d5\u05e0\u05d9\u05ea \u05d5\u05d7\u05d1\u05e8\u05ea \u05e7\u05d3\u05de\u05ea \u05d4\u05d9\u05d5\u05d1\u05dc, \u05d0\u05d7\u05e8\u05d0\u05d9\u05ea \u05e2\u05dc \u05d4\u05e7\u05de\u05ea \u05d5\u05d4\u05e4\u05e2\u05dc\u05ea \u05d0\u05ea\u05e8 : https:\/\/www.soho-jlm.co.il\/. \u05d0\u05e0\u05d5 \u05e8\u05d5\u05d0\u05d9\u05dd \u05d7\u05e9\u05d9\u05d1\u05d5\u05ea \u05e8\u05d1\u05d4 \u05d1\u05de\u05ea\u05df \u05e9\u05d9\u05e8\u05d5\u05ea \u05e9\u05d5\u05d5\u05d9\u05d5\u05e0\u05d9 \u05dc\u05db\u05dc\u05dc \u05d4\u05d0\u05d6\u05e8\u05d7\u05d9\u05dd \u05d5\u05d1\u05e9\u05d9\u05e4\u05d5\u05e8 \u05d4\u05e9\u05d9\u05e8\u05d5\u05ea \u05d4\u05e0\u05d9\u05ea\u05df \u05dc\u05d0\u05d6\u05e8\u05d7\u05d9\u05dd \u05e2\u05dd \u05de\u05d5\u05d2\u05d1\u05dc\u05d5\u05ea.\u05d0\u05e0\u05d5 \u05de\u05e9\u05e7\u05d9\u05e2\u05d9\u05dd \u05de\u05e9\u05d0\u05d1\u05d9\u05dd \u05e8\u05d1\u05d9\u05dd \u05d1\u05d4\u05e0\u05d2\u05e9\u05ea \u05d4\u05d0\u05ea\u05e8 \u05d5\u05d4\u05e0\u05db\u05e1\u05d9\u05dd \u05d4\u05d3\u05d9\u05d2\u05d9\u05d8\u05dc\u05d9\u05d9\u05dd \u05e9\u05dc\u05e0\u05d5 \u05e2\u05dc \u05de\u05e0\u05ea \u05dc\u05d4\u05e4\u05d5\u05da \u05d0\u05ea \u05e9\u05d9\u05e8\u05d5\u05ea\u05d9 \u05d4\u05d7\u05d1\u05e8\u05d4 \u05dc\u05d6\u05de\u05d9\u05e0\u05d9\u05dd \u05d9\u05d5\u05ea\u05e8 \u05e2\u05d1\u05d5\u05e8 \u05d0\u05e0\u05e9\u05d9\u05dd \u05e2\u05dd \u05de\u05d5\u05d2\u05d1\u05dc\u05d5\u05ea. \u05d1\u05de\u05d3\u05d9\u05e0\u05ea \u05d9\u05e9\u05e8\u05d0\u05dc \u05db-20 \u05d0\u05d7\u05d5\u05d6\u05d9\u05dd \u05de\u05e7\u05e8\u05d1 [&hellip;]\" \/>\n<meta property=\"og:url\" content=\"https:\/\/www.soho-jlm.co.il\/fr\/accessibility-statement\/\" \/>\n<meta property=\"og:site_name\" content=\"SOHO \u05d4\u05d0\u05d9\u05d9\u05e7\u05d5\u05df \u05d4\u05d7\u05d3\u05e9 \u05e9\u05dc \u05d9\u05e8\u05d5\u05e9\u05dc\u05d9\u05dd\" \/>\n<meta property=\"article:modified_time\" content=\"2025-12-09T11:54:32+00:00\" \/>\n<meta name=\"twitter:card\" content=\"summary_large_image\" \/>\n<meta name=\"twitter:label1\" content=\"Dur\u00e9e de lecture estim\u00e9e\" \/>\n\t<meta name=\"twitter:data1\" content=\"18 minutes\" \/>\n<script type=\"application\/ld+json\" class=\"yoast-schema-graph\">{\"@context\":\"https:\\\/\\\/schema.org\",\"@graph\":[{\"@type\":\"WebPage\",\"@id\":\"https:\\\/\\\/www.soho-jlm.co.il\\\/accessibility-statement\\\/\",\"url\":\"https:\\\/\\\/www.soho-jlm.co.il\\\/accessibility-statement\\\/\",\"name\":\"\u05d4\u05e6\u05d4\u05e8\u05ea \u05e0\u05d2\u05d9\u05e9\u05d5\u05ea - SOHO \u05d4\u05d0\u05d9\u05d9\u05e7\u05d5\u05df \u05d4\u05d7\u05d3\u05e9 \u05e9\u05dc \u05d9\u05e8\u05d5\u05e9\u05dc\u05d9\u05dd\",\"isPartOf\":{\"@id\":\"https:\\\/\\\/www.soho-jlm.co.il\\\/#website\"},\"datePublished\":\"2024-08-13T08:46:39+00:00\",\"dateModified\":\"2025-12-09T11:54:32+00:00\",\"breadcrumb\":{\"@id\":\"https:\\\/\\\/www.soho-jlm.co.il\\\/accessibility-statement\\\/#breadcrumb\"},\"inLanguage\":\"fr-FR\",\"potentialAction\":[{\"@type\":\"ReadAction\",\"target\":[\"https:\\\/\\\/www.soho-jlm.co.il\\\/accessibility-statement\\\/\"]}]},{\"@type\":\"BreadcrumbList\",\"@id\":\"https:\\\/\\\/www.soho-jlm.co.il\\\/accessibility-statement\\\/#breadcrumb\",\"itemListElement\":[{\"@type\":\"ListItem\",\"position\":1,\"name\":\"Home\",\"item\":\"https:\\\/\\\/www.soho-jlm.co.il\\\/\"},{\"@type\":\"ListItem\",\"position\":2,\"name\":\"\u05d4\u05e6\u05d4\u05e8\u05ea \u05e0\u05d2\u05d9\u05e9\u05d5\u05ea\"}]},{\"@type\":\"WebSite\",\"@id\":\"https:\\\/\\\/www.soho-jlm.co.il\\\/#website\",\"url\":\"https:\\\/\\\/www.soho-jlm.co.il\\\/\",\"name\":\"SOHO \u05d4\u05d0\u05d9\u05d9\u05e7\u05d5\u05df \u05d4\u05d7\u05d3\u05e9 \u05e9\u05dc \u05d9\u05e8\u05d5\u05e9\u05dc\u05d9\u05dd\",\"description\":\"\",\"publisher\":{\"@id\":\"https:\\\/\\\/www.soho-jlm.co.il\\\/#organization\"},\"potentialAction\":[{\"@type\":\"SearchAction\",\"target\":{\"@type\":\"EntryPoint\",\"urlTemplate\":\"https:\\\/\\\/www.soho-jlm.co.il\\\/?s={search_term_string}\"},\"query-input\":{\"@type\":\"PropertyValueSpecification\",\"valueRequired\":true,\"valueName\":\"search_term_string\"}}],\"inLanguage\":\"fr-FR\"},{\"@type\":\"Organization\",\"@id\":\"https:\\\/\\\/www.soho-jlm.co.il\\\/#organization\",\"name\":\"SOHO \u05d4\u05d0\u05d9\u05d9\u05e7\u05d5\u05df \u05d4\u05d7\u05d3\u05e9 \u05e9\u05dc \u05d9\u05e8\u05d5\u05e9\u05dc\u05d9\u05dd\",\"url\":\"https:\\\/\\\/www.soho-jlm.co.il\\\/\",\"logo\":{\"@type\":\"ImageObject\",\"inLanguage\":\"fr-FR\",\"@id\":\"https:\\\/\\\/www.soho-jlm.co.il\\\/#\\\/schema\\\/logo\\\/image\\\/\",\"url\":\"https:\\\/\\\/www.soho-jlm.co.il\\\/wp-content\\\/uploads\\\/2024\\\/06\\\/logo.svg\",\"contentUrl\":\"https:\\\/\\\/www.soho-jlm.co.il\\\/wp-content\\\/uploads\\\/2024\\\/06\\\/logo.svg\",\"width\":252,\"height\":97,\"caption\":\"SOHO \u05d4\u05d0\u05d9\u05d9\u05e7\u05d5\u05df \u05d4\u05d7\u05d3\u05e9 \u05e9\u05dc \u05d9\u05e8\u05d5\u05e9\u05dc\u05d9\u05dd\"},\"image\":{\"@id\":\"https:\\\/\\\/www.soho-jlm.co.il\\\/#\\\/schema\\\/logo\\\/image\\\/\"}}]}<\/script>\n<!-- \/ Yoast SEO plugin. -->","yoast_head_json":{"title":"SOHO La nouvelle ic\u00f4ne de J\u00e9rusalem \u2013 Accessibilit\u00e9","robots":{"index":"index","follow":"follow","max-snippet":"max-snippet:-1","max-image-preview":"max-image-preview:large","max-video-preview":"max-video-preview:-1"},"canonical":"https:\/\/www.soho-jlm.co.il\/fr\/accessibility-statement\/","og_locale":"fr_FR","og_type":"article","og_title":"\u05d4\u05e6\u05d4\u05e8\u05ea \u05e0\u05d2\u05d9\u05e9\u05d5\u05ea - SOHO \u05d4\u05d0\u05d9\u05d9\u05e7\u05d5\u05df \u05d4\u05d7\u05d3\u05e9 \u05e9\u05dc \u05d9\u05e8\u05d5\u05e9\u05dc\u05d9\u05dd","og_description":"SOHO \u05de\u05d1\u05d9\u05ea \u05d0\u05e4\u05e8\u05d9\u05e7\u05d4 \u05d4\u05ea\u05d7\u05d3\u05e9\u05d5\u05ea \u05e2\u05d9\u05e8\u05d5\u05e0\u05d9\u05ea \u05d5\u05d7\u05d1\u05e8\u05ea \u05e7\u05d3\u05de\u05ea \u05d4\u05d9\u05d5\u05d1\u05dc, \u05d0\u05d7\u05e8\u05d0\u05d9\u05ea \u05e2\u05dc \u05d4\u05e7\u05de\u05ea \u05d5\u05d4\u05e4\u05e2\u05dc\u05ea \u05d0\u05ea\u05e8 : https:\/\/www.soho-jlm.co.il\/. \u05d0\u05e0\u05d5 \u05e8\u05d5\u05d0\u05d9\u05dd \u05d7\u05e9\u05d9\u05d1\u05d5\u05ea \u05e8\u05d1\u05d4 \u05d1\u05de\u05ea\u05df \u05e9\u05d9\u05e8\u05d5\u05ea \u05e9\u05d5\u05d5\u05d9\u05d5\u05e0\u05d9 \u05dc\u05db\u05dc\u05dc \u05d4\u05d0\u05d6\u05e8\u05d7\u05d9\u05dd \u05d5\u05d1\u05e9\u05d9\u05e4\u05d5\u05e8 \u05d4\u05e9\u05d9\u05e8\u05d5\u05ea \u05d4\u05e0\u05d9\u05ea\u05df \u05dc\u05d0\u05d6\u05e8\u05d7\u05d9\u05dd \u05e2\u05dd \u05de\u05d5\u05d2\u05d1\u05dc\u05d5\u05ea.\u05d0\u05e0\u05d5 \u05de\u05e9\u05e7\u05d9\u05e2\u05d9\u05dd \u05de\u05e9\u05d0\u05d1\u05d9\u05dd \u05e8\u05d1\u05d9\u05dd \u05d1\u05d4\u05e0\u05d2\u05e9\u05ea \u05d4\u05d0\u05ea\u05e8 \u05d5\u05d4\u05e0\u05db\u05e1\u05d9\u05dd \u05d4\u05d3\u05d9\u05d2\u05d9\u05d8\u05dc\u05d9\u05d9\u05dd \u05e9\u05dc\u05e0\u05d5 \u05e2\u05dc \u05de\u05e0\u05ea \u05dc\u05d4\u05e4\u05d5\u05da \u05d0\u05ea \u05e9\u05d9\u05e8\u05d5\u05ea\u05d9 \u05d4\u05d7\u05d1\u05e8\u05d4 \u05dc\u05d6\u05de\u05d9\u05e0\u05d9\u05dd \u05d9\u05d5\u05ea\u05e8 \u05e2\u05d1\u05d5\u05e8 \u05d0\u05e0\u05e9\u05d9\u05dd \u05e2\u05dd \u05de\u05d5\u05d2\u05d1\u05dc\u05d5\u05ea. \u05d1\u05de\u05d3\u05d9\u05e0\u05ea \u05d9\u05e9\u05e8\u05d0\u05dc \u05db-20 \u05d0\u05d7\u05d5\u05d6\u05d9\u05dd \u05de\u05e7\u05e8\u05d1 [&hellip;]","og_url":"https:\/\/www.soho-jlm.co.il\/fr\/accessibility-statement\/","og_site_name":"SOHO \u05d4\u05d0\u05d9\u05d9\u05e7\u05d5\u05df \u05d4\u05d7\u05d3\u05e9 \u05e9\u05dc \u05d9\u05e8\u05d5\u05e9\u05dc\u05d9\u05dd","article_modified_time":"2025-12-09T11:54:32+00:00","twitter_card":"summary_large_image","twitter_misc":{"Dur\u00e9e de lecture estim\u00e9e":"18 minutes"},"schema":{"@context":"https:\/\/schema.org","@graph":[{"@type":"WebPage","@id":"https:\/\/www.soho-jlm.co.il\/accessibility-statement\/","url":"https:\/\/www.soho-jlm.co.il\/accessibility-statement\/","name":"SOHO La nouvelle ic\u00f4ne de J\u00e9rusalem \u2013 Accessibilit\u00e9","isPartOf":{"@id":"https:\/\/www.soho-jlm.co.il\/#website"},"datePublished":"2024-08-13T08:46:39+00:00","dateModified":"2025-12-09T11:54:32+00:00","breadcrumb":{"@id":"https:\/\/www.soho-jlm.co.il\/accessibility-statement\/#breadcrumb"},"inLanguage":"fr-FR","potentialAction":[{"@type":"ReadAction","target":["https:\/\/www.soho-jlm.co.il\/accessibility-statement\/"]}]},{"@type":"BreadcrumbList","@id":"https:\/\/www.soho-jlm.co.il\/accessibility-statement\/#breadcrumb","itemListElement":[{"@type":"ListItem","position":1,"name":"Home","item":"https:\/\/www.soho-jlm.co.il\/"},{"@type":"ListItem","position":2,"name":"\u05d4\u05e6\u05d4\u05e8\u05ea \u05e0\u05d2\u05d9\u05e9\u05d5\u05ea"}]},{"@type":"WebSite","@id":"https:\/\/www.soho-jlm.co.il\/#website","url":"https:\/\/www.soho-jlm.co.il\/","name":"SOHO \u05d4\u05d0\u05d9\u05d9\u05e7\u05d5\u05df \u05d4\u05d7\u05d3\u05e9 \u05e9\u05dc \u05d9\u05e8\u05d5\u05e9\u05dc\u05d9\u05dd","description":"","publisher":{"@id":"https:\/\/www.soho-jlm.co.il\/#organization"},"potentialAction":[{"@type":"SearchAction","target":{"@type":"EntryPoint","urlTemplate":"https:\/\/www.soho-jlm.co.il\/?s={search_term_string}"},"query-input":{"@type":"PropertyValueSpecification","valueRequired":true,"valueName":"search_term_string"}}],"inLanguage":"fr-FR"},{"@type":"Organization","@id":"https:\/\/www.soho-jlm.co.il\/#organization","name":"SOHO \u05d4\u05d0\u05d9\u05d9\u05e7\u05d5\u05df \u05d4\u05d7\u05d3\u05e9 \u05e9\u05dc \u05d9\u05e8\u05d5\u05e9\u05dc\u05d9\u05dd","url":"https:\/\/www.soho-jlm.co.il\/","logo":{"@type":"ImageObject","inLanguage":"fr-FR","@id":"https:\/\/www.soho-jlm.co.il\/#\/schema\/logo\/image\/","url":"https:\/\/www.soho-jlm.co.il\/wp-content\/uploads\/2024\/06\/logo.svg","contentUrl":"https:\/\/www.soho-jlm.co.il\/wp-content\/uploads\/2024\/06\/logo.svg","width":252,"height":97,"caption":"SOHO \u05d4\u05d0\u05d9\u05d9\u05e7\u05d5\u05df \u05d4\u05d7\u05d3\u05e9 \u05e9\u05dc \u05d9\u05e8\u05d5\u05e9\u05dc\u05d9\u05dd"},"image":{"@id":"https:\/\/www.soho-jlm.co.il\/#\/schema\/logo\/image\/"}}]}},"_links":{"self":[{"href":"https:\/\/www.soho-jlm.co.il\/fr\/wp-json\/wp\/v2\/pages\/998","targetHints":{"allow":["GET"]}}],"collection":[{"href":"https:\/\/www.soho-jlm.co.il\/fr\/wp-json\/wp\/v2\/pages"}],"about":[{"href":"https:\/\/www.soho-jlm.co.il\/fr\/wp-json\/wp\/v2\/types\/page"}],"author":[{"embeddable":true,"href":"https:\/\/www.soho-jlm.co.il\/fr\/wp-json\/wp\/v2\/users\/1"}],"replies":[{"embeddable":true,"href":"https:\/\/www.soho-jlm.co.il\/fr\/wp-json\/wp\/v2\/comments?post=998"}],"version-history":[{"count":30,"href":"https:\/\/www.soho-jlm.co.il\/fr\/wp-json\/wp\/v2\/pages\/998\/revisions"}],"predecessor-version":[{"id":1291,"href":"https:\/\/www.soho-jlm.co.il\/fr\/wp-json\/wp\/v2\/pages\/998\/revisions\/1291"}],"wp:attachment":[{"href":"https:\/\/www.soho-jlm.co.il\/fr\/wp-json\/wp\/v2\/media?parent=998"}],"curies":[{"name":"wp","href":"https:\/\/api.w.org\/{rel}","templated":true}]}}