{"id":457,"date":"2024-07-26T22:28:38","date_gmt":"2024-07-26T22:28:38","guid":{"rendered":"https:\/\/www.soho-jlm.co.il\/?page_id=457"},"modified":"2025-01-20T12:17:53","modified_gmt":"2025-01-20T12:17:53","slug":"the-team","status":"publish","type":"page","link":"https:\/\/www.soho-jlm.co.il\/fr\/the-team\/","title":{"rendered":"L'\u00e9quipe"},"content":{"rendered":"<div data-elementor-type=\"wp-page\" data-elementor-id=\"457\" class=\"elementor elementor-457\" data-elementor-post-type=\"page\">\n\t\t\t\t<div class=\"elementor-element elementor-element-cf2fac0 e-con-full e-flex e-con e-parent\" data-id=\"cf2fac0\" data-element_type=\"container\" data-e-type=\"container\" data-settings=\"{&quot;background_background&quot;:&quot;classic&quot;}\">\n\t\t\t\t<\/div>\n\t\t<div class=\"elementor-element elementor-element-225798b e-flex e-con-boxed e-con e-parent\" data-id=\"225798b\" data-element_type=\"container\" data-e-type=\"container\">\n\t\t\t\t\t<div class=\"e-con-inner\">\n\t\t\t\t<div class=\"elementor-element elementor-element-1a92c68 elementor-invisible elementor-widget elementor-widget-image\" data-id=\"1a92c68\" data-element_type=\"widget\" data-e-type=\"widget\" data-settings=\"{&quot;_animation&quot;:&quot;fadeInUp&quot;}\" data-no-translation=\"\" data-widget_type=\"image.default\">\n\t\t\t\t<div class=\"elementor-widget-container\">\n\t\t\t\t\t<style>.elementor-element-1a92c68{display:none !important}<\/style>\t\t\t\t<\/div>\n\t\t\t\t<\/div>\n\t\t\t\t<div class=\"elementor-element elementor-element-650c89f elementor-invisible elementor-widget elementor-widget-image\" data-id=\"650c89f\" data-element_type=\"widget\" data-e-type=\"widget\" data-settings=\"{&quot;_animation&quot;:&quot;fadeInUp&quot;}\" data-widget_type=\"image.default\">\n\t\t\t\t<div class=\"elementor-widget-container\">\n\t\t\t\t\t\t\t\t\t\t\t\t\t\t\t<img fetchpriority=\"high\" decoding=\"async\" width=\"539\" height=\"109\" src=\"https:\/\/www.soho-jlm.co.il\/wp-content\/uploads\/2024\/10\/africares-logo-english.svg\" class=\"attachment-large size-large wp-image-1048\" alt=\"\" \/>\t\t\t\t\t\t\t\t\t\t\t\t\t\t\t<\/div>\n\t\t\t\t<\/div>\n\t\t\t\t<div class=\"elementor-element elementor-element-2d10eea elementor-widget__width-initial elementor-widget-mobile__width-inherit elementor-invisible elementor-widget elementor-widget-text-editor\" data-id=\"2d10eea\" data-element_type=\"widget\" data-e-type=\"widget\" data-settings=\"{&quot;_animation&quot;:&quot;fadeInUp&quot;}\" data-widget_type=\"text-editor.default\">\n\t\t\t\t<div class=\"elementor-widget-container\">\n\t\t\t\t\t\t\t\t\t<p>Africa Urban Renewal est une filiale du groupe Africa Israel Residences, groupe leader du secteur immobilier, qui propose un nouveau mod\u00e8le r\u00e9sidentiel pour une qualit\u00e9 de vie sans compromis. Le groupe, propri\u00e9taire du label Savyonim, supervise la cr\u00e9ation des Quartiers Savyonim, les quartiers communautaires de la meilleure qualit\u00e9 en Isra\u00ebl, qui proposent des appartements neufs avec des standards de construction \u00e9lev\u00e9s. La solidit\u00e9 de l'entreprise, sa r\u00e9putation de longue date et la qualit\u00e9 de la construction, ainsi que les services communautaires avanc\u00e9s et le d\u00e9veloppement environnemental de haut niveau, attirent une population de qualit\u00e9 dans les quartiers r\u00e9sidentiels d'Africa Israel Residences.<\/p><p class=\" translation-block\">En plus de ses activit\u00e9s dans les domaines de la r\u00e9novation urbaine dans la capitale, Africa Israel op\u00e8re \u00e0 J\u00e9rusalem depuis de nombreuses ann\u00e9es et tout au long de ses ann\u00e9es d'activit\u00e9 dans la ville, elle a planifi\u00e9, construit et r\u00e9alise actuellement de nombreux projets r\u00e9sidentiels tels que : 7 Kook Street, Haneviim Court, Savyoney Ramat Sharet, Savyoney New Katamon, Savyoney Kiryat Yovel, Savyoney Arnona et la tour SAVYON VIEW.<\/p>\t\t\t\t\t\t\t\t<\/div>\n\t\t\t\t<\/div>\n\t\t\t\t\t<\/div>\n\t\t\t\t<\/div>\n\t\t<div class=\"elementor-element elementor-element-65103cd e-flex e-con-boxed e-con e-parent\" data-id=\"65103cd\" data-element_type=\"container\" data-e-type=\"container\">\n\t\t\t\t\t<div class=\"e-con-inner\">\n\t\t\t\t<div class=\"elementor-element elementor-element-55082c8 elementor-invisible elementor-widget elementor-widget-image\" data-id=\"55082c8\" data-element_type=\"widget\" data-e-type=\"widget\" data-settings=\"{&quot;_animation&quot;:&quot;fadeInUp&quot;}\" data-widget_type=\"image.default\">\n\t\t\t\t<div class=\"elementor-widget-container\">\n\t\t\t\t\t\t\t\t\t\t\t\t\t\t\t<img decoding=\"async\" width=\"800\" height=\"224\" src=\"https:\/\/www.soho-jlm.co.il\/wp-content\/uploads\/2024\/10\/kidmathayovel-logo-english.svg\" class=\"attachment-large size-large wp-image-113\" alt=\"\" \/>\t\t\t\t\t\t\t\t\t\t\t\t\t\t\t<\/div>\n\t\t\t\t<\/div>\n\t\t\t\t<div class=\"elementor-element elementor-element-7c24d67 elementor-widget__width-initial elementor-widget-mobile__width-inherit elementor-invisible elementor-widget elementor-widget-text-editor\" data-id=\"7c24d67\" data-element_type=\"widget\" data-e-type=\"widget\" data-settings=\"{&quot;_animation&quot;:&quot;fadeInUp&quot;}\" data-widget_type=\"text-editor.default\">\n\t\t\t\t<div class=\"elementor-widget-container\">\n\t\t\t\t\t\t\t\t\t<p class=\" translation-block\">La soci\u00e9t\u00e9 Kidmat Hayovel initie et promeut des projets de r\u00e9novation urbaine de mani\u00e8re \u00e0 garantir aux r\u00e9sidents une augmentation importante de la valeur de leur bien tout en leur procurant un appartement neuf et spacieux et en am\u00e9liorant leur qualit\u00e9 de vie.\nLa soci\u00e9t\u00e9 met \u00e0 la disposition des r\u00e9sidents des projets une \u00e9quipe professionnelle de qualit\u00e9, poss\u00e9dant une vaste exp\u00e9rience dans divers domaines de la construction et s'appuyant sur un plan de construction avanc\u00e9 qui garantit un projet r\u00e9sidentiel de qualit\u00e9 \u00e9lev\u00e9e r\u00e9alis\u00e9 dans des d\u00e9lais r\u00e9duits, tout ceci parall\u00e8lement \u00e0 une solidit\u00e9 financi\u00e8re et \u00e0 une capacit\u00e9 de gestion reconnues.\nLa soci\u00e9t\u00e9 dispose d'une vaste \u00e9quipe de professionnels comprenant des chefs de projet, des planificateurs, des coordinateurs de location et des conseillers sociaux qui accompagnent les r\u00e9sidents qui ont besoin d'assistance depuis le d\u00e9but du projet jusqu'\u00e0 la livraison des nouveaux appartements. La soci\u00e9t\u00e9 dispose de consultants de premier plan dans leur domaine qui accompagnent ses activit\u00e9s dans les domaines de l'architecture, de l'environnement, des transports, des \u00e9valuations, de la fiscalit\u00e9 et plus encore.\nKidmat Hayovel est soutenue par un ensemble impressionnant de fonds et d'entreprises qui investissent dans la soci\u00e9t\u00e9 depuis le premier jour et assurent la solidit\u00e9 financi\u00e8re de ses activit\u00e9s, y compris des garanties de niveau \u00e9lev\u00e9 et une activit\u00e9 au plus haut niveau professionnel, qui garantissent la tranquillit\u00e9 d'esprit des r\u00e9sidents au cours de l'avanc\u00e9e du projet et au moment de la livraison des nouveaux appartements.<\/p>\t\t\t\t\t\t\t\t<\/div>\n\t\t\t\t<\/div>\n\t\t\t\t\t<\/div>\n\t\t\t\t<\/div>\n\t\t<div class=\"elementor-element elementor-element-13ff1bc e-flex e-con-boxed e-con e-parent\" data-id=\"13ff1bc\" data-element_type=\"container\" data-e-type=\"container\">\n\t\t\t\t\t<div class=\"e-con-inner\">\n\t\t\t\t<div class=\"elementor-element elementor-element-3553f52 elementor-invisible elementor-widget elementor-widget-image\" data-id=\"3553f52\" data-element_type=\"widget\" data-e-type=\"widget\" data-settings=\"{&quot;_animation&quot;:&quot;fadeInUp&quot;}\" data-widget_type=\"image.default\">\n\t\t\t\t<div class=\"elementor-widget-container\">\n\t\t\t\t\t\t\t\t\t\t\t\t\t\t\t<img decoding=\"async\" width=\"282\" height=\"88\" src=\"https:\/\/www.soho-jlm.co.il\/wp-content\/uploads\/2024\/07\/yashar-a-logo.svg\" class=\"attachment-large size-large wp-image-462\" alt=\"\" \/>\t\t\t\t\t\t\t\t\t\t\t\t\t\t\t<\/div>\n\t\t\t\t<\/div>\n\t\t\t\t<div class=\"elementor-element elementor-element-b9b2413 elementor-widget__width-initial elementor-widget-mobile__width-inherit elementor-invisible elementor-widget elementor-widget-text-editor\" data-id=\"b9b2413\" data-element_type=\"widget\" data-e-type=\"widget\" data-settings=\"{&quot;_animation&quot;:&quot;fadeInUp&quot;}\" data-widget_type=\"text-editor.default\">\n\t\t\t\t<div class=\"elementor-widget-container\">\n\t\t\t\t\t\t\t\t\t<p>Yashar Architects est l'un des principaux cabinets d'architectes en Isra\u00ebl, incarnant la culture de l'innovation et de la cr\u00e9ativit\u00e9 en Isra\u00ebl depuis plus de 65 ans. L'entreprise a \u00e9t\u00e9 fond\u00e9e par Yitzhak Yashar, qui a con\u00e7u certains des b\u00e2timents culturels et publics les plus connus du pays, comme le Mus\u00e9e des beaux-arts de Tel-Aviv, le b\u00e2timent de la facult\u00e9 des Arts de l'universit\u00e9 de Tel-Aviv et le Centre Dizengoff.\u00a0<\/p><p>Avner Yashar a continu\u00e9 de s\u2019appuyer sur cette base d\u2019excellence en mati\u00e8re de conception, en adaptant la vision de l\u2019entreprise au XXIe si\u00e8cle et en l\u2019\u00e9tendant au secteur priv\u00e9. Yashar Architects est devenu un leader dans la conception de b\u00e2timents \u00e0 grande hauteur, de b\u00e2timents mixtes et de design urbain. Le cabinet con\u00e7oit souvent des tours de bureaux et des tours r\u00e9sidentielles, en ayant compris l\u2019importance de la construction de gratte-ciel, et est consid\u00e9r\u00e9 comme l\u2019un des cabinets de premier plan dans le domaine des tours en Isra\u00ebl. Conform\u00e9ment \u00e0 la vision du cabinet et aux besoins du march\u00e9 mondial, Yashar Architects a \u00e9galement \u00e9tendu ses activit\u00e9s \u00e0 l'\u00e9tranger et est impliqu\u00e9 dans de nombreux projets de construction \u00e0 travers le monde, en Inde, en Russie, en R\u00e9publique tch\u00e8que, en Serbie, en Roumanie et plus encore.<\/p><p>Yashar Architects poss\u00e8de de vastes connaissances et une riche exp\u00e9rience de plus de 60 ans en mati\u00e8re de planification. Il est de plus leader dans l'utilisation et l'application de technologies innovantes. Les connaissances, l'exp\u00e9rience et le grand professionnalisme des employ\u00e9s de l'entreprise se refl\u00e8tent dans l'attention aux d\u00e9tails, dans une planification efficace et flexible et dans la connaissance des besoins de l'utilisateur final. Comme la g\u00e9n\u00e9ration fondatrice, la g\u00e9n\u00e9ration suivante fixe \u00e9galement des normes \u00e9lev\u00e9es avec une approche claire et ordonn\u00e9e en mati\u00e8re de planification et de construction qui fait progresser les r\u00e9alisations en mati\u00e8re de planification en Isra\u00ebl.<\/p>\t\t\t\t\t\t\t\t<\/div>\n\t\t\t\t<\/div>\n\t\t\t\t\t<\/div>\n\t\t\t\t<\/div>\n\t\t\t\t<\/div>","protected":false},"excerpt":{"rendered":"<p>&quot;\u05d0\u05e4\u05e8\u05d9\u05e7\u05d4 \u05d4\u05ea\u05d7\u05d3\u05e9\u05d5\u05ea \u05e2\u05d9\u05e8\u05d5\u05e0\u05d9\u05ea&quot; \u05de\u05d1\u05d9\u05ea \u05d0\u05e4\u05e8\u05d9\u05e7\u05d4 \u05d9\u05e9\u05e8\u05d0\u05dc \u05de\u05d2\u05d5\u05e8\u05d9\u05dd \u05e9\u05d9\u05d9\u05db\u05ea \u05dc\u05d7\u05d1\u05e8\u05ea \u05d4\u05e0\u05d3\u05dc&quot;\u05df \u05d4\u05de\u05d5\u05d1\u05d9\u05dc\u05d4, \u05de\u05e6\u05d9\u05d1\u05d4 \u05e8\u05e3 \u05d7\u05d3\u05e9 \u05dc\u05de\u05d2\u05d5\u05e8\u05d9\u05dd \u05d1\u05d0\u05d9\u05db\u05d5\u05ea \u05d7\u05d9\u05d9\u05dd \u05d1\u05dc\u05ea\u05d9 \u05de\u05ea\u05e4\u05e9\u05e8\u05ea. \u05d4\u05e7\u05d1\u05d5\u05e6\u05d4, \u05d1\u05e2\u05dc\u05ea \u05d4\u05de\u05d5\u05ea\u05d2 &quot;\u05e1\u05d1\u05d9\u05d5\u05e0\u05d9\u05dd&quot;, \u05de\u05e0\u05e6\u05d7\u05ea \u05e2\u05dc \u05d4\u05e7\u05de\u05ea\u05df \u05e9\u05dc &quot;\u05e9\u05db\u05d5\u05e0\u05d5\u05ea \u05d4\u05e1\u05d1\u05d9\u05d5\u05e0\u05d9\u05dd&quot;, \u05d4\u05e9\u05db\u05d5\u05e0\u05d5\u05ea \u05d4\u05e7\u05d4\u05d9\u05dc\u05ea\u05d9\u05d5\u05ea \u05d4\u05d0\u05d9\u05db\u05d5\u05ea\u05d9\u05d5\u05ea \u05d1\u05d9\u05d5\u05ea\u05e8 \u05d1\u05d9\u05e9\u05e8\u05d0\u05dc \u05d4\u05de\u05e6\u05d9\u05e2\u05d5\u05ea \u05d3\u05d9\u05e8\u05d5\u05ea \u05d7\u05d3\u05e9\u05d5\u05ea \u05d1\u05e1\u05d8\u05e0\u05d3\u05e8\u05d8 \u05d1\u05e0\u05d9\u05d9\u05d4 \u05d0\u05d9\u05db\u05d5\u05ea\u05d9 \u05d5\u05d2\u05d1\u05d5\u05d4. \u05d0\u05d9\u05ea\u05e0\u05d5\u05ea \u05d4\u05d7\u05d1\u05e8\u05d4, \u05d4\u05de\u05d5\u05e0\u05d9\u05d8\u05d9\u05df \u05e8\u05d1 \u05d4\u05e9\u05e0\u05d9\u05dd \u05d5\u05d0\u05d9\u05db\u05d5\u05ea \u05d4\u05d1\u05e0\u05d9\u05d9\u05d4, \u05dc\u05e6\u05d3 \u05e9\u05d9\u05e8\u05d5\u05ea\u05d9\u05dd \u05e7\u05d4\u05d9\u05dc\u05ea\u05d9\u05d9\u05dd \u05de\u05ea\u05e7\u05d3\u05de\u05d9\u05dd \u05d5\u05e4\u05d9\u05ea\u05d5\u05d7 \u05e1\u05d1\u05d9\u05d1\u05ea\u05d9 \u05d1\u05e8\u05de\u05d4 [&hellip;]<\/p>\n","protected":false},"author":1,"featured_media":0,"parent":0,"menu_order":0,"comment_status":"closed","ping_status":"closed","template":"","meta":{"footnotes":""},"class_list":["post-457","page","type-page","status-publish","hentry"],"yoast_head":"<!-- This site is optimized with the Yoast SEO plugin v27.4 - https:\/\/yoast.com\/product\/yoast-seo-wordpress\/ -->\n<title>\u05d4\u05e6\u05d5\u05d5\u05ea - SOHO \u05d4\u05d0\u05d9\u05d9\u05e7\u05d5\u05df \u05d4\u05d7\u05d3\u05e9 \u05e9\u05dc \u05d9\u05e8\u05d5\u05e9\u05dc\u05d9\u05dd<\/title>\n<meta name=\"description\" content=\"SOHO \u05de\u05d1\u05d9\u05ea \u05d0\u05e4\u05e8\u05d9\u05e7\u05d4 \u05d4\u05ea\u05d7\u05d3\u05e9\u05d5\u05ea \u05e2\u05d9\u05e8\u05d5\u05e0\u05d9\u05ea \u05d5\u05d7\u05d1\u05e8\u05ea \u05e7\u05d3\u05de\u05ea \u05d4\u05d9\u05d5\u05d1\u05dc, \u05de\u05ea\u05d5\u05db\u05e0\u05df \u05db\u05d0\u05d9\u05d9\u05e7\u05d5\u05df \u05d9\u05d9\u05d7\u05d5\u05d3\u05d9 \u05e4\u05d5\u05e8\u05e5 \u05d3\u05e8\u05da, \u05d4\u05de\u05e9\u05e0\u05d4 \u05d0\u05ea \u05e4\u05e0\u05d9 \u05e9\u05db\u05d5\u05e0\u05ea \u05e7\u05d8\u05de\u05d5\u05df \u05d5\u05d9\u05d8\u05de\u05d9\u05e2 VIBE \u05d7\u05d3\u05e9 \u05d1\u05dc\u05d1 \u05d4\u05e2\u05d9\u05e8 \u05d9\u05e8\u05d5\u05e9\u05dc\u05d9\u05dd\" \/>\n<meta name=\"robots\" content=\"index, follow, max-snippet:-1, max-image-preview:large, max-video-preview:-1\" \/>\n<link rel=\"canonical\" href=\"https:\/\/www.soho-jlm.co.il\/fr\/the-team\/\" \/>\n<meta property=\"og:locale\" content=\"fr_FR\" \/>\n<meta property=\"og:type\" content=\"article\" \/>\n<meta property=\"og:title\" content=\"\u05d4\u05e6\u05d5\u05d5\u05ea - SOHO \u05d4\u05d0\u05d9\u05d9\u05e7\u05d5\u05df \u05d4\u05d7\u05d3\u05e9 \u05e9\u05dc \u05d9\u05e8\u05d5\u05e9\u05dc\u05d9\u05dd\" \/>\n<meta property=\"og:description\" content=\"SOHO \u05de\u05d1\u05d9\u05ea \u05d0\u05e4\u05e8\u05d9\u05e7\u05d4 \u05d4\u05ea\u05d7\u05d3\u05e9\u05d5\u05ea \u05e2\u05d9\u05e8\u05d5\u05e0\u05d9\u05ea \u05d5\u05d7\u05d1\u05e8\u05ea \u05e7\u05d3\u05de\u05ea \u05d4\u05d9\u05d5\u05d1\u05dc, \u05de\u05ea\u05d5\u05db\u05e0\u05df \u05db\u05d0\u05d9\u05d9\u05e7\u05d5\u05df \u05d9\u05d9\u05d7\u05d5\u05d3\u05d9 \u05e4\u05d5\u05e8\u05e5 \u05d3\u05e8\u05da, \u05d4\u05de\u05e9\u05e0\u05d4 \u05d0\u05ea \u05e4\u05e0\u05d9 \u05e9\u05db\u05d5\u05e0\u05ea \u05e7\u05d8\u05de\u05d5\u05df \u05d5\u05d9\u05d8\u05de\u05d9\u05e2 VIBE \u05d7\u05d3\u05e9 \u05d1\u05dc\u05d1 \u05d4\u05e2\u05d9\u05e8 \u05d9\u05e8\u05d5\u05e9\u05dc\u05d9\u05dd\" \/>\n<meta property=\"og:url\" content=\"https:\/\/www.soho-jlm.co.il\/fr\/the-team\/\" \/>\n<meta property=\"og:site_name\" content=\"SOHO \u05d4\u05d0\u05d9\u05d9\u05e7\u05d5\u05df \u05d4\u05d7\u05d3\u05e9 \u05e9\u05dc \u05d9\u05e8\u05d5\u05e9\u05dc\u05d9\u05dd\" \/>\n<meta property=\"article:modified_time\" content=\"2025-01-20T12:17:53+00:00\" \/>\n<meta property=\"og:image\" content=\"https:\/\/www.soho-jlm.co.il\/wp-content\/uploads\/2024\/07\/team-banner.webp\" \/>\n\t<meta property=\"og:image:width\" content=\"1920\" \/>\n\t<meta property=\"og:image:height\" content=\"950\" \/>\n\t<meta property=\"og:image:type\" content=\"image\/webp\" \/>\n<meta name=\"twitter:card\" content=\"summary_large_image\" \/>\n<meta name=\"twitter:label1\" content=\"Dur\u00e9e de lecture estim\u00e9e\" \/>\n\t<meta name=\"twitter:data1\" content=\"4 minutes\" \/>\n<script type=\"application\/ld+json\" class=\"yoast-schema-graph\">{\"@context\":\"https:\\\/\\\/schema.org\",\"@graph\":[{\"@type\":\"WebPage\",\"@id\":\"https:\\\/\\\/www.soho-jlm.co.il\\\/the-team\\\/\",\"url\":\"https:\\\/\\\/www.soho-jlm.co.il\\\/the-team\\\/\",\"name\":\"\u05d4\u05e6\u05d5\u05d5\u05ea - SOHO \u05d4\u05d0\u05d9\u05d9\u05e7\u05d5\u05df \u05d4\u05d7\u05d3\u05e9 \u05e9\u05dc \u05d9\u05e8\u05d5\u05e9\u05dc\u05d9\u05dd\",\"isPartOf\":{\"@id\":\"https:\\\/\\\/www.soho-jlm.co.il\\\/#website\"},\"primaryImageOfPage\":{\"@id\":\"https:\\\/\\\/www.soho-jlm.co.il\\\/the-team\\\/#primaryimage\"},\"image\":{\"@id\":\"https:\\\/\\\/www.soho-jlm.co.il\\\/the-team\\\/#primaryimage\"},\"thumbnailUrl\":\"https:\\\/\\\/www.soho-jlm.co.il\\\/wp-content\\\/uploads\\\/2024\\\/07\\\/logo-afrikares.svg\",\"datePublished\":\"2024-07-26T22:28:38+00:00\",\"dateModified\":\"2025-01-20T12:17:53+00:00\",\"description\":\"SOHO \u05de\u05d1\u05d9\u05ea \u05d0\u05e4\u05e8\u05d9\u05e7\u05d4 \u05d4\u05ea\u05d7\u05d3\u05e9\u05d5\u05ea \u05e2\u05d9\u05e8\u05d5\u05e0\u05d9\u05ea \u05d5\u05d7\u05d1\u05e8\u05ea \u05e7\u05d3\u05de\u05ea \u05d4\u05d9\u05d5\u05d1\u05dc, \u05de\u05ea\u05d5\u05db\u05e0\u05df \u05db\u05d0\u05d9\u05d9\u05e7\u05d5\u05df \u05d9\u05d9\u05d7\u05d5\u05d3\u05d9 \u05e4\u05d5\u05e8\u05e5 \u05d3\u05e8\u05da, \u05d4\u05de\u05e9\u05e0\u05d4 \u05d0\u05ea \u05e4\u05e0\u05d9 \u05e9\u05db\u05d5\u05e0\u05ea \u05e7\u05d8\u05de\u05d5\u05df \u05d5\u05d9\u05d8\u05de\u05d9\u05e2 VIBE \u05d7\u05d3\u05e9 \u05d1\u05dc\u05d1 \u05d4\u05e2\u05d9\u05e8 \u05d9\u05e8\u05d5\u05e9\u05dc\u05d9\u05dd\",\"breadcrumb\":{\"@id\":\"https:\\\/\\\/www.soho-jlm.co.il\\\/the-team\\\/#breadcrumb\"},\"inLanguage\":\"fr-FR\",\"potentialAction\":[{\"@type\":\"ReadAction\",\"target\":[\"https:\\\/\\\/www.soho-jlm.co.il\\\/the-team\\\/\"]}]},{\"@type\":\"ImageObject\",\"inLanguage\":\"fr-FR\",\"@id\":\"https:\\\/\\\/www.soho-jlm.co.il\\\/the-team\\\/#primaryimage\",\"url\":\"https:\\\/\\\/www.soho-jlm.co.il\\\/wp-content\\\/uploads\\\/2024\\\/07\\\/logo-afrikares.svg\",\"contentUrl\":\"https:\\\/\\\/www.soho-jlm.co.il\\\/wp-content\\\/uploads\\\/2024\\\/07\\\/logo-afrikares.svg\"},{\"@type\":\"BreadcrumbList\",\"@id\":\"https:\\\/\\\/www.soho-jlm.co.il\\\/the-team\\\/#breadcrumb\",\"itemListElement\":[{\"@type\":\"ListItem\",\"position\":1,\"name\":\"Home\",\"item\":\"https:\\\/\\\/www.soho-jlm.co.il\\\/\"},{\"@type\":\"ListItem\",\"position\":2,\"name\":\"\u05d4\u05e6\u05d5\u05d5\u05ea\"}]},{\"@type\":\"WebSite\",\"@id\":\"https:\\\/\\\/www.soho-jlm.co.il\\\/#website\",\"url\":\"https:\\\/\\\/www.soho-jlm.co.il\\\/\",\"name\":\"SOHO \u05d4\u05d0\u05d9\u05d9\u05e7\u05d5\u05df \u05d4\u05d7\u05d3\u05e9 \u05e9\u05dc \u05d9\u05e8\u05d5\u05e9\u05dc\u05d9\u05dd\",\"description\":\"\",\"publisher\":{\"@id\":\"https:\\\/\\\/www.soho-jlm.co.il\\\/#organization\"},\"potentialAction\":[{\"@type\":\"SearchAction\",\"target\":{\"@type\":\"EntryPoint\",\"urlTemplate\":\"https:\\\/\\\/www.soho-jlm.co.il\\\/?s={search_term_string}\"},\"query-input\":{\"@type\":\"PropertyValueSpecification\",\"valueRequired\":true,\"valueName\":\"search_term_string\"}}],\"inLanguage\":\"fr-FR\"},{\"@type\":\"Organization\",\"@id\":\"https:\\\/\\\/www.soho-jlm.co.il\\\/#organization\",\"name\":\"SOHO \u05d4\u05d0\u05d9\u05d9\u05e7\u05d5\u05df \u05d4\u05d7\u05d3\u05e9 \u05e9\u05dc \u05d9\u05e8\u05d5\u05e9\u05dc\u05d9\u05dd\",\"url\":\"https:\\\/\\\/www.soho-jlm.co.il\\\/\",\"logo\":{\"@type\":\"ImageObject\",\"inLanguage\":\"fr-FR\",\"@id\":\"https:\\\/\\\/www.soho-jlm.co.il\\\/#\\\/schema\\\/logo\\\/image\\\/\",\"url\":\"https:\\\/\\\/www.soho-jlm.co.il\\\/wp-content\\\/uploads\\\/2024\\\/06\\\/logo.svg\",\"contentUrl\":\"https:\\\/\\\/www.soho-jlm.co.il\\\/wp-content\\\/uploads\\\/2024\\\/06\\\/logo.svg\",\"width\":252,\"height\":97,\"caption\":\"SOHO \u05d4\u05d0\u05d9\u05d9\u05e7\u05d5\u05df \u05d4\u05d7\u05d3\u05e9 \u05e9\u05dc \u05d9\u05e8\u05d5\u05e9\u05dc\u05d9\u05dd\"},\"image\":{\"@id\":\"https:\\\/\\\/www.soho-jlm.co.il\\\/#\\\/schema\\\/logo\\\/image\\\/\"}}]}<\/script>\n<!-- \/ Yoast SEO plugin. -->","yoast_head_json":{"title":"SOHO La nouvelle ic\u00f4ne de J\u00e9rusalem \u2013 L'\u00e9quipe","description":"Une ic\u00f4ne unique r\u00e9volutionnaire d'Africa Urban Renewal et Kidmat HaYovel qui transformera Katamon et ajoutera une nouvelle dynamique au c\u0153ur de la ville","robots":{"index":"index","follow":"follow","max-snippet":"max-snippet:-1","max-image-preview":"max-image-preview:large","max-video-preview":"max-video-preview:-1"},"canonical":"https:\/\/www.soho-jlm.co.il\/fr\/the-team\/","og_locale":"fr_FR","og_type":"article","og_title":"\u05d4\u05e6\u05d5\u05d5\u05ea - SOHO \u05d4\u05d0\u05d9\u05d9\u05e7\u05d5\u05df \u05d4\u05d7\u05d3\u05e9 \u05e9\u05dc \u05d9\u05e8\u05d5\u05e9\u05dc\u05d9\u05dd","og_description":"SOHO \u05de\u05d1\u05d9\u05ea \u05d0\u05e4\u05e8\u05d9\u05e7\u05d4 \u05d4\u05ea\u05d7\u05d3\u05e9\u05d5\u05ea \u05e2\u05d9\u05e8\u05d5\u05e0\u05d9\u05ea \u05d5\u05d7\u05d1\u05e8\u05ea \u05e7\u05d3\u05de\u05ea \u05d4\u05d9\u05d5\u05d1\u05dc, \u05de\u05ea\u05d5\u05db\u05e0\u05df \u05db\u05d0\u05d9\u05d9\u05e7\u05d5\u05df \u05d9\u05d9\u05d7\u05d5\u05d3\u05d9 \u05e4\u05d5\u05e8\u05e5 \u05d3\u05e8\u05da, \u05d4\u05de\u05e9\u05e0\u05d4 \u05d0\u05ea \u05e4\u05e0\u05d9 \u05e9\u05db\u05d5\u05e0\u05ea \u05e7\u05d8\u05de\u05d5\u05df \u05d5\u05d9\u05d8\u05de\u05d9\u05e2 VIBE \u05d7\u05d3\u05e9 \u05d1\u05dc\u05d1 \u05d4\u05e2\u05d9\u05e8 \u05d9\u05e8\u05d5\u05e9\u05dc\u05d9\u05dd","og_url":"https:\/\/www.soho-jlm.co.il\/fr\/the-team\/","og_site_name":"SOHO \u05d4\u05d0\u05d9\u05d9\u05e7\u05d5\u05df \u05d4\u05d7\u05d3\u05e9 \u05e9\u05dc \u05d9\u05e8\u05d5\u05e9\u05dc\u05d9\u05dd","article_modified_time":"2025-01-20T12:17:53+00:00","og_image":[{"width":1920,"height":950,"url":"https:\/\/www.soho-jlm.co.il\/wp-content\/uploads\/2024\/07\/team-banner.webp","type":"image\/webp"}],"twitter_card":"summary_large_image","twitter_misc":{"Dur\u00e9e de lecture estim\u00e9e":"4 minutes"},"schema":{"@context":"https:\/\/schema.org","@graph":[{"@type":"WebPage","@id":"https:\/\/www.soho-jlm.co.il\/the-team\/","url":"https:\/\/www.soho-jlm.co.il\/the-team\/","name":"SOHO La nouvelle ic\u00f4ne de J\u00e9rusalem \u2013 L'\u00e9quipe","isPartOf":{"@id":"https:\/\/www.soho-jlm.co.il\/#website"},"primaryImageOfPage":{"@id":"https:\/\/www.soho-jlm.co.il\/the-team\/#primaryimage"},"image":{"@id":"https:\/\/www.soho-jlm.co.il\/the-team\/#primaryimage"},"thumbnailUrl":"https:\/\/www.soho-jlm.co.il\/wp-content\/uploads\/2024\/07\/logo-afrikares.svg","datePublished":"2024-07-26T22:28:38+00:00","dateModified":"2025-01-20T12:17:53+00:00","description":"Une ic\u00f4ne unique r\u00e9volutionnaire d'Africa Urban Renewal et Kidmat HaYovel qui transformera Katamon et ajoutera une nouvelle dynamique au c\u0153ur de la ville","breadcrumb":{"@id":"https:\/\/www.soho-jlm.co.il\/the-team\/#breadcrumb"},"inLanguage":"fr-FR","potentialAction":[{"@type":"ReadAction","target":["https:\/\/www.soho-jlm.co.il\/the-team\/"]}]},{"@type":"ImageObject","inLanguage":"fr-FR","@id":"https:\/\/www.soho-jlm.co.il\/the-team\/#primaryimage","url":"https:\/\/www.soho-jlm.co.il\/wp-content\/uploads\/2024\/07\/logo-afrikares.svg","contentUrl":"https:\/\/www.soho-jlm.co.il\/wp-content\/uploads\/2024\/07\/logo-afrikares.svg"},{"@type":"BreadcrumbList","@id":"https:\/\/www.soho-jlm.co.il\/the-team\/#breadcrumb","itemListElement":[{"@type":"ListItem","position":1,"name":"Home","item":"https:\/\/www.soho-jlm.co.il\/"},{"@type":"ListItem","position":2,"name":"\u05d4\u05e6\u05d5\u05d5\u05ea"}]},{"@type":"WebSite","@id":"https:\/\/www.soho-jlm.co.il\/#website","url":"https:\/\/www.soho-jlm.co.il\/","name":"SOHO \u05d4\u05d0\u05d9\u05d9\u05e7\u05d5\u05df \u05d4\u05d7\u05d3\u05e9 \u05e9\u05dc \u05d9\u05e8\u05d5\u05e9\u05dc\u05d9\u05dd","description":"","publisher":{"@id":"https:\/\/www.soho-jlm.co.il\/#organization"},"potentialAction":[{"@type":"SearchAction","target":{"@type":"EntryPoint","urlTemplate":"https:\/\/www.soho-jlm.co.il\/?s={search_term_string}"},"query-input":{"@type":"PropertyValueSpecification","valueRequired":true,"valueName":"search_term_string"}}],"inLanguage":"fr-FR"},{"@type":"Organization","@id":"https:\/\/www.soho-jlm.co.il\/#organization","name":"SOHO \u05d4\u05d0\u05d9\u05d9\u05e7\u05d5\u05df \u05d4\u05d7\u05d3\u05e9 \u05e9\u05dc \u05d9\u05e8\u05d5\u05e9\u05dc\u05d9\u05dd","url":"https:\/\/www.soho-jlm.co.il\/","logo":{"@type":"ImageObject","inLanguage":"fr-FR","@id":"https:\/\/www.soho-jlm.co.il\/#\/schema\/logo\/image\/","url":"https:\/\/www.soho-jlm.co.il\/wp-content\/uploads\/2024\/06\/logo.svg","contentUrl":"https:\/\/www.soho-jlm.co.il\/wp-content\/uploads\/2024\/06\/logo.svg","width":252,"height":97,"caption":"SOHO \u05d4\u05d0\u05d9\u05d9\u05e7\u05d5\u05df \u05d4\u05d7\u05d3\u05e9 \u05e9\u05dc \u05d9\u05e8\u05d5\u05e9\u05dc\u05d9\u05dd"},"image":{"@id":"https:\/\/www.soho-jlm.co.il\/#\/schema\/logo\/image\/"}}]}},"_links":{"self":[{"href":"https:\/\/www.soho-jlm.co.il\/fr\/wp-json\/wp\/v2\/pages\/457","targetHints":{"allow":["GET"]}}],"collection":[{"href":"https:\/\/www.soho-jlm.co.il\/fr\/wp-json\/wp\/v2\/pages"}],"about":[{"href":"https:\/\/www.soho-jlm.co.il\/fr\/wp-json\/wp\/v2\/types\/page"}],"author":[{"embeddable":true,"href":"https:\/\/www.soho-jlm.co.il\/fr\/wp-json\/wp\/v2\/users\/1"}],"replies":[{"embeddable":true,"href":"https:\/\/www.soho-jlm.co.il\/fr\/wp-json\/wp\/v2\/comments?post=457"}],"version-history":[{"count":3,"href":"https:\/\/www.soho-jlm.co.il\/fr\/wp-json\/wp\/v2\/pages\/457\/revisions"}],"predecessor-version":[{"id":1208,"href":"https:\/\/www.soho-jlm.co.il\/fr\/wp-json\/wp\/v2\/pages\/457\/revisions\/1208"}],"wp:attachment":[{"href":"https:\/\/www.soho-jlm.co.il\/fr\/wp-json\/wp\/v2\/media?parent=457"}],"curies":[{"name":"wp","href":"https:\/\/api.w.org\/{rel}","templated":true}]}}