{"id":998,"date":"2024-08-13T08:46:39","date_gmt":"2024-08-13T08:46:39","guid":{"rendered":"https:\/\/www.soho-jlm.co.il\/?page_id=998"},"modified":"2025-12-09T11:54:32","modified_gmt":"2025-12-09T11:54:32","slug":"accessibility-statement","status":"publish","type":"page","link":"https:\/\/www.soho-jlm.co.il\/es\/accessibility-statement\/","title":{"rendered":"Declaraci\u00f3n de accesibilidad"},"content":{"rendered":"<div data-elementor-type=\"wp-page\" data-elementor-id=\"998\" class=\"elementor elementor-998\" data-elementor-post-type=\"page\">\n\t\t\t\t<div class=\"elementor-element elementor-element-198232b e-flex e-con-boxed e-con e-parent\" data-id=\"198232b\" data-element_type=\"container\" data-e-type=\"container\">\n\t\t\t\t\t<div class=\"e-con-inner\">\n\t\t\t\t<div class=\"elementor-element elementor-element-6e5d9ef elementor-widget elementor-widget-heading\" data-id=\"6e5d9ef\" data-element_type=\"widget\" data-e-type=\"widget\" data-widget_type=\"heading.default\">\n\t\t\t\t<div class=\"elementor-widget-container\">\n\t\t\t\t\t<h1 class=\"elementor-heading-title elementor-size-default\">Declaraci\u00f3n de accesibilidad<\/h1>\t\t\t\t<\/div>\n\t\t\t\t<\/div>\n\t\t\t\t<div class=\"elementor-element elementor-element-1fb155d elementor-invisible elementor-widget elementor-widget-text-editor\" data-id=\"1fb155d\" data-element_type=\"widget\" data-e-type=\"widget\" data-settings=\"{&quot;_animation&quot;:&quot;fadeInUp&quot;}\" data-no-translation=\"\" data-widget_type=\"text-editor.default\">\n\t\t\t\t<div class=\"elementor-widget-container\">\n\t\t\t\t\t<style>.elementor-element-1fb155d{display:none !important}<\/style>\t\t\t\t<\/div>\n\t\t\t\t<\/div>\n\t\t\t\t<div class=\"elementor-element elementor-element-520b78a elementor-invisible elementor-widget elementor-widget-text-editor\" data-id=\"520b78a\" data-element_type=\"widget\" data-e-type=\"widget\" data-settings=\"{&quot;_animation&quot;:&quot;fadeInUp&quot;}\" data-no-translation=\"\" data-widget_type=\"text-editor.default\">\n\t\t\t\t<div class=\"elementor-widget-container\">\n\t\t\t\t\t<style>.elementor-element-520b78a{display:none !important}<\/style>\t\t\t\t<\/div>\n\t\t\t\t<\/div>\n\t\t\t\t<div class=\"elementor-element elementor-element-2a7ff90 elementor-invisible elementor-widget elementor-widget-text-editor\" data-id=\"2a7ff90\" data-element_type=\"widget\" data-e-type=\"widget\" data-settings=\"{&quot;_animation&quot;:&quot;fadeInUp&quot;}\" data-no-translation=\"\" data-widget_type=\"text-editor.default\">\n\t\t\t\t<div class=\"elementor-widget-container\">\n\t\t\t\t\t<style>.elementor-element-2a7ff90{display:none !important}<\/style>\t\t\t\t<\/div>\n\t\t\t\t<\/div>\n\t\t\t\t<div class=\"elementor-element elementor-element-1d43e9d elementor-invisible elementor-widget elementor-widget-text-editor\" data-id=\"1d43e9d\" data-element_type=\"widget\" data-e-type=\"widget\" data-settings=\"{&quot;_animation&quot;:&quot;fadeInUp&quot;}\" data-no-translation=\"\" data-widget_type=\"text-editor.default\">\n\t\t\t\t<div class=\"elementor-widget-container\">\n\t\t\t\t\t\t\t\t\t<p>SOHO, creado por Africa Urban Renewal y Kidmat HaYovel, es responsable por el establecimiento y funcionamiento del sitio web en <a href=\"https:\/\/www.soho-jlm.co.il\/\">https:\/\/www.soho-jlm.co.il\/<\/a>. Creemos que la prestaci\u00f3n de servicios equitativos e inclusivos para todos es de m\u00e1xima importancia, as\u00ed como es la necesidad de entregar servicios optimizados a las personas con discapacidad.<\/p><p>Por lo tanto, hemos invertido considerables recursos a fin de mejorar la accesibilidad a nuestros sitios web y otros recursos digitales, y garantizar que sean m\u00e1s asequibles para las personas con discapacidad.<\/p><p>Alrededor de un 20 % de las personas en el Estado de Israel tienen alg\u00fan tipo de discapacidad y usan las caracter\u00edsticas de accesibilidad en l\u00ednea para que puedan acceder a los servicios y la informaci\u00f3n general.<\/p><p>Las caracter\u00edsticas de accesibilidad en este sitio web de Africa Israel Residences tienen el prop\u00f3sito de que sean m\u00e1s f\u00e1ciles de usar y convenientes para todos los usuarios con necesidades especiales, incluidas las personas con diversas discapacidades motoras, cognitivas, auditivas o visuales, y en estas se incluyen la miop\u00eda y el daltonismo, como tambi\u00e9n para los usuarios de mayor edad.<\/p><p>Vee Website Accessibility ha proporcionado las soluciones de accesibilidad en este sitio web.<\/p><p><strong>Accesibilidad de sitio web nivel AA<\/strong><\/p><p>Vee Website Accessibility ha facilitado adaptaciones de accesibilidad en este sitio web que son compatibles con los navegadores y tel\u00e9fonos m\u00f3viles populares en la mayor medida posible. Estas caracter\u00edsticas han sido probadas con los lectores de pantalla NVDA y JAWS.<\/p><p>El sitio web cumple con los requerimientos de las normativas de Igualdad de derechos para personas con discapacidades (Adaptaciones de servicio de accesibilidad) de 2013 (Nivel AA). Tambi\u00e9n implementa las recomendaciones del documento de Pautas de Accesibilidad para el Contenido Web (WCAG, por sus siglas en ingl\u00e9s) versi\u00f3n 2.2 y publicado por el Consorcio WWW (W3C).<\/p><p>Pautas de Accesibilidad para el Contenido Web (WCAG) 2.0<\/p><p>La accesibilidad de este sitio tambi\u00e9n se ha hecho seg\u00fan las pautas para la accesibilidad de aplicaciones en los navegadores de internet de la ICT Authority.<\/p><p><strong>\u00bfC\u00f3mo cambio a un modo asequible? <\/strong><\/p><p>Ver\u00e1 un \u00edcono de accesibilidad en el sitio web (generalmente en todas las p\u00e1ginas). Haga clic en este \u00edcono para abrir el men\u00fa de accesibilidad. Una vez que seleccione la funci\u00f3n de accesibilidad apropiada en el men\u00fa, espere que la p\u00e1gina se cargue y despu\u00e9s ver\u00e1 que la pantalla ha cambiado seg\u00fan sus preferencias (si corresponde).<\/p><p>Si quiere deshabilitar la funci\u00f3n, haga clic en el \u00edcono, en el men\u00fa, por segunda vez. En cualquier caso, las configuraciones de accesibilidad siempre se pueden resetear.<\/p><p>Se han hecho pruebas de las caracter\u00edsticas de accesibilidad para verificar la compatibilidad con los navegadores populares (Chrome, Firefox, Safari, Opera) y sujetos a los t\u00e9rminos y condiciones del fabricante. Se recomienda usar Chrome por sus caracter\u00edsticas de accesibilidad.<\/p><p>El sitio web proporciona una estructura sem\u00e1ntica para las tecnolog\u00edas auxiliares y soporta la navegaci\u00f3n est\u00e1ndar del teclado por medio del uso de los cursores o teclas de flecha, Intro, y Esc para salir de los men\u00fas y ventanas.<\/p><p>Cuando use un lector de pantalla, recomendamos que utilice el lector NVDA m\u00e1s reciente para que pueda tener una mejor experiencia de b\u00fasqueda.<\/p><p><strong>Adaptaciones y actualizaciones del sitio web<\/strong><\/p><ul><li>Compatible con los lectores de pantalla: adaptado para las tecnolog\u00edas auxiliares como NVDA y JAWS.<\/li><li>Navegaci\u00f3n clara y sencilla<\/li><li>Los contenidos est\u00e1n escritos de manera clara, ordenada y jer\u00e1rquica.<\/li><li>Optimizado para poder visualizarlo en los navegadores modernos.<\/li><li>Visualizaci\u00f3n compatible con una variedad de pantallas y resoluciones.<\/li><li>Todas las p\u00e1ginas tienen una estructura fija (H1\/H2\/H3, etc.).<\/li><li>Todas las im\u00e1genes tienen una descripci\u00f3n alternativa de texto (alt).<\/li><\/ul><p><strong>Funciones de accesibilidad:<\/strong><\/p><ul><li>Compatible con los lectores de pantalla como NVDA y JAWS.<\/li><li>Bloqueador de parpadeo: detiene las animaciones y otros elementos de movimiento.<\/li><li>Salto al contenido: elude el men\u00fa principal y se va directamente al contenido.<\/li><li>Compatible con la navegaci\u00f3n del teclado<\/li><li>Aumento o disminuci\u00f3n del tama\u00f1o de texto<\/li><li>Cambia el espaciado entre las letras, palabras y l\u00edneas<\/li><li>Color y contraste: alto, invertido, monocrom\u00e1tico<\/li><li>Cambio para una fuente m\u00e1s legible.<\/li><li>Resalta los enlaces.<\/li><li>Modo lectura<\/li><li>Cambio del \u00edcono del cursor<\/li><li>Muestra de una descripci\u00f3n alternativa de las im\u00e1genes.<\/li><\/ul><p><strong>Excepciones<\/strong><\/p><p>Pese a nuestros mejores esfuerzos para hacer que todas las p\u00e1ginas y elementos de este sitio web sean asequibles, es importante notar que puede haber ciertos aspectos o partes del sitio web que no tienen una accesibilidad completa o que a\u00fan est\u00e1n en proceso para que sean asequibles. Estamos trabajando de forma constante para mejorar la accesibilidad de este sitio web como parte de nuestro compromiso para que todos, inclusive las personas con discapacidad, puedan accederlo.<\/p><p><strong>Accesibilidad en las oficinas de la empresa y en las oficinas de ventas<\/strong><\/p><p>Las acomodaciones de accesibilidad de las oficinas de la empresa cumplen con las regulaciones aplicables. Cada p\u00e1gina del proyecto informa si la oficina de ventas para ese proyecto es asequible o si se puede programar una reuni\u00f3n telef\u00f3nica.<\/p><p><strong>Consultas sobre accesibilidad<\/strong><\/p><p>Si se le presenta cualquier dificultad relacionada con la accesibilidad de este sitio web, comun\u00edquese con nuestro coordinador de accesibilidad y presente sus comentarios o solicitudes.<\/p><p>A fin de ayudarnos a resolver el problema, brinde suficiente informaci\u00f3n como sea posible, incluidos los siguientes:<\/p><ul><li>Descripci\u00f3n del problema<\/li><li>\u00bfQu\u00e9 estaba tratando de hacer?<\/li><li>\u00bfEn qu\u00e9 p\u00e1gina se encontraba? (Incluya el enlace).<\/li><li>Tipo y versi\u00f3n del navegador<\/li><li>Sistema operativo<\/li><li>Tipo de tecnolog\u00eda auxiliar (si us\u00f3 alguna)<\/li><\/ul><p>Africa Israel Residences har\u00e1 todo el esfuerzo para asegurarse de que este sitio web brinde la accesibilidad \u00f3ptima y que le responderemos a todas las consultas con prontitud y profesionalismo.<\/p><p>Para todas las consultas sobre accesibilidad, comun\u00edquese con nosotros por medio de uno de los siguientes medios:<\/p><p>Tel.: 03-7402511<\/p><p>Correo electr\u00f3nico: itzik@africa-israel.com<\/p><p>Coordinador de accesibilidad: Itzik Blau<\/p><p>\u00daltima actualizaci\u00f3n de la declaraci\u00f3n de accesibilidad: 09\/12\/25<\/p>\t\t\t\t\t\t\t\t<\/div>\n\t\t\t\t<\/div>\n\t\t\t\t\t<\/div>\n\t\t\t\t<\/div>\n\t\t\t\t<\/div>","protected":false},"excerpt":{"rendered":"<p>SOHO \u05de\u05d1\u05d9\u05ea \u05d0\u05e4\u05e8\u05d9\u05e7\u05d4 \u05d4\u05ea\u05d7\u05d3\u05e9\u05d5\u05ea \u05e2\u05d9\u05e8\u05d5\u05e0\u05d9\u05ea \u05d5\u05d7\u05d1\u05e8\u05ea \u05e7\u05d3\u05de\u05ea \u05d4\u05d9\u05d5\u05d1\u05dc, \u05d0\u05d7\u05e8\u05d0\u05d9\u05ea \u05e2\u05dc \u05d4\u05e7\u05de\u05ea \u05d5\u05d4\u05e4\u05e2\u05dc\u05ea \u05d0\u05ea\u05e8 : https:\/\/www.soho-jlm.co.il\/. \u05d0\u05e0\u05d5 \u05e8\u05d5\u05d0\u05d9\u05dd \u05d7\u05e9\u05d9\u05d1\u05d5\u05ea \u05e8\u05d1\u05d4 \u05d1\u05de\u05ea\u05df \u05e9\u05d9\u05e8\u05d5\u05ea \u05e9\u05d5\u05d5\u05d9\u05d5\u05e0\u05d9 \u05dc\u05db\u05dc\u05dc \u05d4\u05d0\u05d6\u05e8\u05d7\u05d9\u05dd \u05d5\u05d1\u05e9\u05d9\u05e4\u05d5\u05e8 \u05d4\u05e9\u05d9\u05e8\u05d5\u05ea \u05d4\u05e0\u05d9\u05ea\u05df \u05dc\u05d0\u05d6\u05e8\u05d7\u05d9\u05dd \u05e2\u05dd \u05de\u05d5\u05d2\u05d1\u05dc\u05d5\u05ea.\u05d0\u05e0\u05d5 \u05de\u05e9\u05e7\u05d9\u05e2\u05d9\u05dd \u05de\u05e9\u05d0\u05d1\u05d9\u05dd \u05e8\u05d1\u05d9\u05dd \u05d1\u05d4\u05e0\u05d2\u05e9\u05ea \u05d4\u05d0\u05ea\u05e8 \u05d5\u05d4\u05e0\u05db\u05e1\u05d9\u05dd \u05d4\u05d3\u05d9\u05d2\u05d9\u05d8\u05dc\u05d9\u05d9\u05dd \u05e9\u05dc\u05e0\u05d5 \u05e2\u05dc \u05de\u05e0\u05ea \u05dc\u05d4\u05e4\u05d5\u05da \u05d0\u05ea \u05e9\u05d9\u05e8\u05d5\u05ea\u05d9 \u05d4\u05d7\u05d1\u05e8\u05d4 \u05dc\u05d6\u05de\u05d9\u05e0\u05d9\u05dd \u05d9\u05d5\u05ea\u05e8 \u05e2\u05d1\u05d5\u05e8 \u05d0\u05e0\u05e9\u05d9\u05dd \u05e2\u05dd \u05de\u05d5\u05d2\u05d1\u05dc\u05d5\u05ea. \u05d1\u05de\u05d3\u05d9\u05e0\u05ea \u05d9\u05e9\u05e8\u05d0\u05dc \u05db-20 \u05d0\u05d7\u05d5\u05d6\u05d9\u05dd \u05de\u05e7\u05e8\u05d1 [&hellip;]<\/p>\n","protected":false},"author":1,"featured_media":0,"parent":0,"menu_order":0,"comment_status":"closed","ping_status":"closed","template":"","meta":{"footnotes":""},"class_list":["post-998","page","type-page","status-publish","hentry"],"yoast_head":"<!-- This site is optimized with the Yoast SEO plugin v27.4 - https:\/\/yoast.com\/product\/yoast-seo-wordpress\/ -->\n<title>\u05d4\u05e6\u05d4\u05e8\u05ea \u05e0\u05d2\u05d9\u05e9\u05d5\u05ea - SOHO \u05d4\u05d0\u05d9\u05d9\u05e7\u05d5\u05df \u05d4\u05d7\u05d3\u05e9 \u05e9\u05dc \u05d9\u05e8\u05d5\u05e9\u05dc\u05d9\u05dd<\/title>\n<meta name=\"robots\" content=\"index, follow, max-snippet:-1, max-image-preview:large, max-video-preview:-1\" \/>\n<link rel=\"canonical\" href=\"https:\/\/www.soho-jlm.co.il\/es\/accessibility-statement\/\" \/>\n<meta property=\"og:locale\" content=\"es_ES\" \/>\n<meta property=\"og:type\" content=\"article\" \/>\n<meta property=\"og:title\" content=\"\u05d4\u05e6\u05d4\u05e8\u05ea \u05e0\u05d2\u05d9\u05e9\u05d5\u05ea - SOHO \u05d4\u05d0\u05d9\u05d9\u05e7\u05d5\u05df \u05d4\u05d7\u05d3\u05e9 \u05e9\u05dc \u05d9\u05e8\u05d5\u05e9\u05dc\u05d9\u05dd\" \/>\n<meta property=\"og:description\" content=\"SOHO \u05de\u05d1\u05d9\u05ea \u05d0\u05e4\u05e8\u05d9\u05e7\u05d4 \u05d4\u05ea\u05d7\u05d3\u05e9\u05d5\u05ea \u05e2\u05d9\u05e8\u05d5\u05e0\u05d9\u05ea \u05d5\u05d7\u05d1\u05e8\u05ea \u05e7\u05d3\u05de\u05ea \u05d4\u05d9\u05d5\u05d1\u05dc, \u05d0\u05d7\u05e8\u05d0\u05d9\u05ea \u05e2\u05dc \u05d4\u05e7\u05de\u05ea \u05d5\u05d4\u05e4\u05e2\u05dc\u05ea \u05d0\u05ea\u05e8 : https:\/\/www.soho-jlm.co.il\/. \u05d0\u05e0\u05d5 \u05e8\u05d5\u05d0\u05d9\u05dd \u05d7\u05e9\u05d9\u05d1\u05d5\u05ea \u05e8\u05d1\u05d4 \u05d1\u05de\u05ea\u05df \u05e9\u05d9\u05e8\u05d5\u05ea \u05e9\u05d5\u05d5\u05d9\u05d5\u05e0\u05d9 \u05dc\u05db\u05dc\u05dc \u05d4\u05d0\u05d6\u05e8\u05d7\u05d9\u05dd \u05d5\u05d1\u05e9\u05d9\u05e4\u05d5\u05e8 \u05d4\u05e9\u05d9\u05e8\u05d5\u05ea \u05d4\u05e0\u05d9\u05ea\u05df \u05dc\u05d0\u05d6\u05e8\u05d7\u05d9\u05dd \u05e2\u05dd \u05de\u05d5\u05d2\u05d1\u05dc\u05d5\u05ea.\u05d0\u05e0\u05d5 \u05de\u05e9\u05e7\u05d9\u05e2\u05d9\u05dd \u05de\u05e9\u05d0\u05d1\u05d9\u05dd \u05e8\u05d1\u05d9\u05dd \u05d1\u05d4\u05e0\u05d2\u05e9\u05ea \u05d4\u05d0\u05ea\u05e8 \u05d5\u05d4\u05e0\u05db\u05e1\u05d9\u05dd \u05d4\u05d3\u05d9\u05d2\u05d9\u05d8\u05dc\u05d9\u05d9\u05dd \u05e9\u05dc\u05e0\u05d5 \u05e2\u05dc \u05de\u05e0\u05ea \u05dc\u05d4\u05e4\u05d5\u05da \u05d0\u05ea \u05e9\u05d9\u05e8\u05d5\u05ea\u05d9 \u05d4\u05d7\u05d1\u05e8\u05d4 \u05dc\u05d6\u05de\u05d9\u05e0\u05d9\u05dd \u05d9\u05d5\u05ea\u05e8 \u05e2\u05d1\u05d5\u05e8 \u05d0\u05e0\u05e9\u05d9\u05dd \u05e2\u05dd \u05de\u05d5\u05d2\u05d1\u05dc\u05d5\u05ea. \u05d1\u05de\u05d3\u05d9\u05e0\u05ea \u05d9\u05e9\u05e8\u05d0\u05dc \u05db-20 \u05d0\u05d7\u05d5\u05d6\u05d9\u05dd \u05de\u05e7\u05e8\u05d1 [&hellip;]\" \/>\n<meta property=\"og:url\" content=\"https:\/\/www.soho-jlm.co.il\/es\/accessibility-statement\/\" \/>\n<meta property=\"og:site_name\" content=\"SOHO \u05d4\u05d0\u05d9\u05d9\u05e7\u05d5\u05df \u05d4\u05d7\u05d3\u05e9 \u05e9\u05dc \u05d9\u05e8\u05d5\u05e9\u05dc\u05d9\u05dd\" \/>\n<meta property=\"article:modified_time\" content=\"2025-12-09T11:54:32+00:00\" \/>\n<meta name=\"twitter:card\" content=\"summary_large_image\" \/>\n<meta name=\"twitter:label1\" content=\"Tiempo de lectura\" \/>\n\t<meta name=\"twitter:data1\" content=\"18 minutos\" \/>\n<script type=\"application\/ld+json\" class=\"yoast-schema-graph\">{\"@context\":\"https:\\\/\\\/schema.org\",\"@graph\":[{\"@type\":\"WebPage\",\"@id\":\"https:\\\/\\\/www.soho-jlm.co.il\\\/accessibility-statement\\\/\",\"url\":\"https:\\\/\\\/www.soho-jlm.co.il\\\/accessibility-statement\\\/\",\"name\":\"\u05d4\u05e6\u05d4\u05e8\u05ea \u05e0\u05d2\u05d9\u05e9\u05d5\u05ea - SOHO \u05d4\u05d0\u05d9\u05d9\u05e7\u05d5\u05df \u05d4\u05d7\u05d3\u05e9 \u05e9\u05dc \u05d9\u05e8\u05d5\u05e9\u05dc\u05d9\u05dd\",\"isPartOf\":{\"@id\":\"https:\\\/\\\/www.soho-jlm.co.il\\\/#website\"},\"datePublished\":\"2024-08-13T08:46:39+00:00\",\"dateModified\":\"2025-12-09T11:54:32+00:00\",\"breadcrumb\":{\"@id\":\"https:\\\/\\\/www.soho-jlm.co.il\\\/accessibility-statement\\\/#breadcrumb\"},\"inLanguage\":\"es\",\"potentialAction\":[{\"@type\":\"ReadAction\",\"target\":[\"https:\\\/\\\/www.soho-jlm.co.il\\\/accessibility-statement\\\/\"]}]},{\"@type\":\"BreadcrumbList\",\"@id\":\"https:\\\/\\\/www.soho-jlm.co.il\\\/accessibility-statement\\\/#breadcrumb\",\"itemListElement\":[{\"@type\":\"ListItem\",\"position\":1,\"name\":\"Home\",\"item\":\"https:\\\/\\\/www.soho-jlm.co.il\\\/\"},{\"@type\":\"ListItem\",\"position\":2,\"name\":\"\u05d4\u05e6\u05d4\u05e8\u05ea \u05e0\u05d2\u05d9\u05e9\u05d5\u05ea\"}]},{\"@type\":\"WebSite\",\"@id\":\"https:\\\/\\\/www.soho-jlm.co.il\\\/#website\",\"url\":\"https:\\\/\\\/www.soho-jlm.co.il\\\/\",\"name\":\"SOHO \u05d4\u05d0\u05d9\u05d9\u05e7\u05d5\u05df \u05d4\u05d7\u05d3\u05e9 \u05e9\u05dc \u05d9\u05e8\u05d5\u05e9\u05dc\u05d9\u05dd\",\"description\":\"\",\"publisher\":{\"@id\":\"https:\\\/\\\/www.soho-jlm.co.il\\\/#organization\"},\"potentialAction\":[{\"@type\":\"SearchAction\",\"target\":{\"@type\":\"EntryPoint\",\"urlTemplate\":\"https:\\\/\\\/www.soho-jlm.co.il\\\/?s={search_term_string}\"},\"query-input\":{\"@type\":\"PropertyValueSpecification\",\"valueRequired\":true,\"valueName\":\"search_term_string\"}}],\"inLanguage\":\"es\"},{\"@type\":\"Organization\",\"@id\":\"https:\\\/\\\/www.soho-jlm.co.il\\\/#organization\",\"name\":\"SOHO \u05d4\u05d0\u05d9\u05d9\u05e7\u05d5\u05df \u05d4\u05d7\u05d3\u05e9 \u05e9\u05dc \u05d9\u05e8\u05d5\u05e9\u05dc\u05d9\u05dd\",\"url\":\"https:\\\/\\\/www.soho-jlm.co.il\\\/\",\"logo\":{\"@type\":\"ImageObject\",\"inLanguage\":\"es\",\"@id\":\"https:\\\/\\\/www.soho-jlm.co.il\\\/#\\\/schema\\\/logo\\\/image\\\/\",\"url\":\"https:\\\/\\\/www.soho-jlm.co.il\\\/wp-content\\\/uploads\\\/2024\\\/06\\\/logo.svg\",\"contentUrl\":\"https:\\\/\\\/www.soho-jlm.co.il\\\/wp-content\\\/uploads\\\/2024\\\/06\\\/logo.svg\",\"width\":252,\"height\":97,\"caption\":\"SOHO \u05d4\u05d0\u05d9\u05d9\u05e7\u05d5\u05df \u05d4\u05d7\u05d3\u05e9 \u05e9\u05dc \u05d9\u05e8\u05d5\u05e9\u05dc\u05d9\u05dd\"},\"image\":{\"@id\":\"https:\\\/\\\/www.soho-jlm.co.il\\\/#\\\/schema\\\/logo\\\/image\\\/\"}}]}<\/script>\n<!-- \/ Yoast SEO plugin. -->","yoast_head_json":{"title":"SOHO nuevo \u00edcono de Jerusal\u00e9n: Declaraci\u00f3n de accesibilidad","robots":{"index":"index","follow":"follow","max-snippet":"max-snippet:-1","max-image-preview":"max-image-preview:large","max-video-preview":"max-video-preview:-1"},"canonical":"https:\/\/www.soho-jlm.co.il\/es\/accessibility-statement\/","og_locale":"es_ES","og_type":"article","og_title":"\u05d4\u05e6\u05d4\u05e8\u05ea \u05e0\u05d2\u05d9\u05e9\u05d5\u05ea - SOHO \u05d4\u05d0\u05d9\u05d9\u05e7\u05d5\u05df \u05d4\u05d7\u05d3\u05e9 \u05e9\u05dc \u05d9\u05e8\u05d5\u05e9\u05dc\u05d9\u05dd","og_description":"SOHO \u05de\u05d1\u05d9\u05ea \u05d0\u05e4\u05e8\u05d9\u05e7\u05d4 \u05d4\u05ea\u05d7\u05d3\u05e9\u05d5\u05ea \u05e2\u05d9\u05e8\u05d5\u05e0\u05d9\u05ea \u05d5\u05d7\u05d1\u05e8\u05ea \u05e7\u05d3\u05de\u05ea \u05d4\u05d9\u05d5\u05d1\u05dc, \u05d0\u05d7\u05e8\u05d0\u05d9\u05ea \u05e2\u05dc \u05d4\u05e7\u05de\u05ea \u05d5\u05d4\u05e4\u05e2\u05dc\u05ea \u05d0\u05ea\u05e8 : https:\/\/www.soho-jlm.co.il\/. \u05d0\u05e0\u05d5 \u05e8\u05d5\u05d0\u05d9\u05dd \u05d7\u05e9\u05d9\u05d1\u05d5\u05ea \u05e8\u05d1\u05d4 \u05d1\u05de\u05ea\u05df \u05e9\u05d9\u05e8\u05d5\u05ea \u05e9\u05d5\u05d5\u05d9\u05d5\u05e0\u05d9 \u05dc\u05db\u05dc\u05dc \u05d4\u05d0\u05d6\u05e8\u05d7\u05d9\u05dd \u05d5\u05d1\u05e9\u05d9\u05e4\u05d5\u05e8 \u05d4\u05e9\u05d9\u05e8\u05d5\u05ea \u05d4\u05e0\u05d9\u05ea\u05df \u05dc\u05d0\u05d6\u05e8\u05d7\u05d9\u05dd \u05e2\u05dd \u05de\u05d5\u05d2\u05d1\u05dc\u05d5\u05ea.\u05d0\u05e0\u05d5 \u05de\u05e9\u05e7\u05d9\u05e2\u05d9\u05dd \u05de\u05e9\u05d0\u05d1\u05d9\u05dd \u05e8\u05d1\u05d9\u05dd \u05d1\u05d4\u05e0\u05d2\u05e9\u05ea \u05d4\u05d0\u05ea\u05e8 \u05d5\u05d4\u05e0\u05db\u05e1\u05d9\u05dd \u05d4\u05d3\u05d9\u05d2\u05d9\u05d8\u05dc\u05d9\u05d9\u05dd \u05e9\u05dc\u05e0\u05d5 \u05e2\u05dc \u05de\u05e0\u05ea \u05dc\u05d4\u05e4\u05d5\u05da \u05d0\u05ea \u05e9\u05d9\u05e8\u05d5\u05ea\u05d9 \u05d4\u05d7\u05d1\u05e8\u05d4 \u05dc\u05d6\u05de\u05d9\u05e0\u05d9\u05dd \u05d9\u05d5\u05ea\u05e8 \u05e2\u05d1\u05d5\u05e8 \u05d0\u05e0\u05e9\u05d9\u05dd \u05e2\u05dd \u05de\u05d5\u05d2\u05d1\u05dc\u05d5\u05ea. \u05d1\u05de\u05d3\u05d9\u05e0\u05ea \u05d9\u05e9\u05e8\u05d0\u05dc \u05db-20 \u05d0\u05d7\u05d5\u05d6\u05d9\u05dd \u05de\u05e7\u05e8\u05d1 [&hellip;]","og_url":"https:\/\/www.soho-jlm.co.il\/es\/accessibility-statement\/","og_site_name":"SOHO \u05d4\u05d0\u05d9\u05d9\u05e7\u05d5\u05df \u05d4\u05d7\u05d3\u05e9 \u05e9\u05dc \u05d9\u05e8\u05d5\u05e9\u05dc\u05d9\u05dd","article_modified_time":"2025-12-09T11:54:32+00:00","twitter_card":"summary_large_image","twitter_misc":{"Tiempo de lectura":"18 minutos"},"schema":{"@context":"https:\/\/schema.org","@graph":[{"@type":"WebPage","@id":"https:\/\/www.soho-jlm.co.il\/accessibility-statement\/","url":"https:\/\/www.soho-jlm.co.il\/accessibility-statement\/","name":"SOHO nuevo \u00edcono de Jerusal\u00e9n: Declaraci\u00f3n de accesibilidad","isPartOf":{"@id":"https:\/\/www.soho-jlm.co.il\/#website"},"datePublished":"2024-08-13T08:46:39+00:00","dateModified":"2025-12-09T11:54:32+00:00","breadcrumb":{"@id":"https:\/\/www.soho-jlm.co.il\/accessibility-statement\/#breadcrumb"},"inLanguage":"es","potentialAction":[{"@type":"ReadAction","target":["https:\/\/www.soho-jlm.co.il\/accessibility-statement\/"]}]},{"@type":"BreadcrumbList","@id":"https:\/\/www.soho-jlm.co.il\/accessibility-statement\/#breadcrumb","itemListElement":[{"@type":"ListItem","position":1,"name":"Home","item":"https:\/\/www.soho-jlm.co.il\/"},{"@type":"ListItem","position":2,"name":"\u05d4\u05e6\u05d4\u05e8\u05ea \u05e0\u05d2\u05d9\u05e9\u05d5\u05ea"}]},{"@type":"WebSite","@id":"https:\/\/www.soho-jlm.co.il\/#website","url":"https:\/\/www.soho-jlm.co.il\/","name":"SOHO \u05d4\u05d0\u05d9\u05d9\u05e7\u05d5\u05df \u05d4\u05d7\u05d3\u05e9 \u05e9\u05dc \u05d9\u05e8\u05d5\u05e9\u05dc\u05d9\u05dd","description":"","publisher":{"@id":"https:\/\/www.soho-jlm.co.il\/#organization"},"potentialAction":[{"@type":"SearchAction","target":{"@type":"EntryPoint","urlTemplate":"https:\/\/www.soho-jlm.co.il\/?s={search_term_string}"},"query-input":{"@type":"PropertyValueSpecification","valueRequired":true,"valueName":"search_term_string"}}],"inLanguage":"es"},{"@type":"Organization","@id":"https:\/\/www.soho-jlm.co.il\/#organization","name":"SOHO \u05d4\u05d0\u05d9\u05d9\u05e7\u05d5\u05df \u05d4\u05d7\u05d3\u05e9 \u05e9\u05dc \u05d9\u05e8\u05d5\u05e9\u05dc\u05d9\u05dd","url":"https:\/\/www.soho-jlm.co.il\/","logo":{"@type":"ImageObject","inLanguage":"es","@id":"https:\/\/www.soho-jlm.co.il\/#\/schema\/logo\/image\/","url":"https:\/\/www.soho-jlm.co.il\/wp-content\/uploads\/2024\/06\/logo.svg","contentUrl":"https:\/\/www.soho-jlm.co.il\/wp-content\/uploads\/2024\/06\/logo.svg","width":252,"height":97,"caption":"SOHO \u05d4\u05d0\u05d9\u05d9\u05e7\u05d5\u05df \u05d4\u05d7\u05d3\u05e9 \u05e9\u05dc \u05d9\u05e8\u05d5\u05e9\u05dc\u05d9\u05dd"},"image":{"@id":"https:\/\/www.soho-jlm.co.il\/#\/schema\/logo\/image\/"}}]}},"_links":{"self":[{"href":"https:\/\/www.soho-jlm.co.il\/es\/wp-json\/wp\/v2\/pages\/998","targetHints":{"allow":["GET"]}}],"collection":[{"href":"https:\/\/www.soho-jlm.co.il\/es\/wp-json\/wp\/v2\/pages"}],"about":[{"href":"https:\/\/www.soho-jlm.co.il\/es\/wp-json\/wp\/v2\/types\/page"}],"author":[{"embeddable":true,"href":"https:\/\/www.soho-jlm.co.il\/es\/wp-json\/wp\/v2\/users\/1"}],"replies":[{"embeddable":true,"href":"https:\/\/www.soho-jlm.co.il\/es\/wp-json\/wp\/v2\/comments?post=998"}],"version-history":[{"count":30,"href":"https:\/\/www.soho-jlm.co.il\/es\/wp-json\/wp\/v2\/pages\/998\/revisions"}],"predecessor-version":[{"id":1291,"href":"https:\/\/www.soho-jlm.co.il\/es\/wp-json\/wp\/v2\/pages\/998\/revisions\/1291"}],"wp:attachment":[{"href":"https:\/\/www.soho-jlm.co.il\/es\/wp-json\/wp\/v2\/media?parent=998"}],"curies":[{"name":"wp","href":"https:\/\/api.w.org\/{rel}","templated":true}]}}