{"id":457,"date":"2024-07-26T22:28:38","date_gmt":"2024-07-26T22:28:38","guid":{"rendered":"https:\/\/www.soho-jlm.co.il\/?page_id=457"},"modified":"2025-01-20T12:17:53","modified_gmt":"2025-01-20T12:17:53","slug":"the-team","status":"publish","type":"page","link":"https:\/\/www.soho-jlm.co.il\/es\/the-team\/","title":{"rendered":"El equipo"},"content":{"rendered":"<div data-elementor-type=\"wp-page\" data-elementor-id=\"457\" class=\"elementor elementor-457\" data-elementor-post-type=\"page\">\n\t\t\t\t<div class=\"elementor-element elementor-element-cf2fac0 e-con-full e-flex e-con e-parent\" data-id=\"cf2fac0\" data-element_type=\"container\" data-e-type=\"container\" data-settings=\"{&quot;background_background&quot;:&quot;classic&quot;}\">\n\t\t\t\t<\/div>\n\t\t<div class=\"elementor-element elementor-element-225798b e-flex e-con-boxed e-con e-parent\" data-id=\"225798b\" data-element_type=\"container\" data-e-type=\"container\">\n\t\t\t\t\t<div class=\"e-con-inner\">\n\t\t\t\t<div class=\"elementor-element elementor-element-1a92c68 elementor-invisible elementor-widget elementor-widget-image\" data-id=\"1a92c68\" data-element_type=\"widget\" data-e-type=\"widget\" data-settings=\"{&quot;_animation&quot;:&quot;fadeInUp&quot;}\" data-no-translation=\"\" data-widget_type=\"image.default\">\n\t\t\t\t<div class=\"elementor-widget-container\">\n\t\t\t\t\t<style>.elementor-element-1a92c68{display:none !important}<\/style>\t\t\t\t<\/div>\n\t\t\t\t<\/div>\n\t\t\t\t<div class=\"elementor-element elementor-element-650c89f elementor-invisible elementor-widget elementor-widget-image\" data-id=\"650c89f\" data-element_type=\"widget\" data-e-type=\"widget\" data-settings=\"{&quot;_animation&quot;:&quot;fadeInUp&quot;}\" data-widget_type=\"image.default\">\n\t\t\t\t<div class=\"elementor-widget-container\">\n\t\t\t\t\t\t\t\t\t\t\t\t\t\t\t<img fetchpriority=\"high\" decoding=\"async\" width=\"539\" height=\"109\" src=\"https:\/\/www.soho-jlm.co.il\/wp-content\/uploads\/2024\/10\/africares-logo-english.svg\" class=\"attachment-large size-large wp-image-1048\" alt=\"\" \/>\t\t\t\t\t\t\t\t\t\t\t\t\t\t\t<\/div>\n\t\t\t\t<\/div>\n\t\t\t\t<div class=\"elementor-element elementor-element-2d10eea elementor-widget__width-initial elementor-widget-mobile__width-inherit elementor-invisible elementor-widget elementor-widget-text-editor\" data-id=\"2d10eea\" data-element_type=\"widget\" data-e-type=\"widget\" data-settings=\"{&quot;_animation&quot;:&quot;fadeInUp&quot;}\" data-widget_type=\"text-editor.default\">\n\t\t\t\t<div class=\"elementor-widget-container\">\n\t\t\t\t\t\t\t\t\t<p>Africa Urban Renewal es una subsidiaria de Africa Israel Residences, el grupo inmobiliario l\u00edder que de manera continua realza el est\u00e1ndar de las residencias que ofrecen una calidad de vida absoluta. El grupo es hogar de la marca Savyonim y conocida en todo el pa\u00eds por sus barrios Savyonim, las comunidades m\u00e1s exclusivas de Israel, que ofrecen apartamentos nuevos con est\u00e1ndares excepcionales de construcci\u00f3n. La reputaci\u00f3n de larga data del grupo, la fortaleza financiera y la calidad de construcci\u00f3n, junto con los servicios comunitarios avanzados y el desarrollo local extensivo que este proporciona, garantizan que los barrios de Africa Israel Residences atraen a los residentes m\u00e1s exigentes.<\/p><p class=\" translation-block\">M\u00e1s all\u00e1 de sus actividades de renovaciones urbanas en la capital de Israel, Africa Israel Residences se ha mantenido activo en Jerusal\u00e9n por varios a\u00f1os. La compa\u00f1\u00eda ha planeado y edificado varios proyectos residenciales, y contin\u00faa haci\u00e9ndolo hasta el d\u00eda de hoy. Los proyectos selectos son: 7 Kook Street, HaNeviim Court, Savyoney Ramat Sharett, Savyoney Katamon HaHadasha, Savyoney Kiryat Yovel, y la torre de observaci\u00f3n Savyon.<\/p>\t\t\t\t\t\t\t\t<\/div>\n\t\t\t\t<\/div>\n\t\t\t\t\t<\/div>\n\t\t\t\t<\/div>\n\t\t<div class=\"elementor-element elementor-element-65103cd e-flex e-con-boxed e-con e-parent\" data-id=\"65103cd\" data-element_type=\"container\" data-e-type=\"container\">\n\t\t\t\t\t<div class=\"e-con-inner\">\n\t\t\t\t<div class=\"elementor-element elementor-element-55082c8 elementor-invisible elementor-widget elementor-widget-image\" data-id=\"55082c8\" data-element_type=\"widget\" data-e-type=\"widget\" data-settings=\"{&quot;_animation&quot;:&quot;fadeInUp&quot;}\" data-widget_type=\"image.default\">\n\t\t\t\t<div class=\"elementor-widget-container\">\n\t\t\t\t\t\t\t\t\t\t\t\t\t\t\t<img decoding=\"async\" width=\"800\" height=\"224\" src=\"https:\/\/www.soho-jlm.co.il\/wp-content\/uploads\/2024\/10\/kidmathayovel-logo-english.svg\" class=\"attachment-large size-large wp-image-113\" alt=\"\" \/>\t\t\t\t\t\t\t\t\t\t\t\t\t\t\t<\/div>\n\t\t\t\t<\/div>\n\t\t\t\t<div class=\"elementor-element elementor-element-7c24d67 elementor-widget__width-initial elementor-widget-mobile__width-inherit elementor-invisible elementor-widget elementor-widget-text-editor\" data-id=\"7c24d67\" data-element_type=\"widget\" data-e-type=\"widget\" data-settings=\"{&quot;_animation&quot;:&quot;fadeInUp&quot;}\" data-widget_type=\"text-editor.default\">\n\t\t\t\t<div class=\"elementor-widget-container\">\n\t\t\t\t\t\t\t\t\t<p class=\" translation-block\">Kidmat HaYovel inicia y promueve los proyectos de renovaci\u00f3n urbana con el fin de garantizar que los residentes obtengan el beneficio del valor de la propiedad que ha mejorado notablemente, a la vez que reciben un apartamento nuevo y espacioso, y superan su nivel de vida.La compa\u00f1\u00eda pone a disposici\u00f3n de los residentes un equipo de profesionales l\u00edderes que cuentan con una amplia experiencia en varios campos de la construcci\u00f3n. Gracias a la fortaleza financiera y las habilidades reconocidas de gesti\u00f3n de la compa\u00f1\u00eda, en tan poco tiempo todos estos proyectos parten de un plan de construcci\u00f3n avanzado que garantiza la calidad de vida por excelencia. El amplio equipo de Kidmat HaYovel se compone de gerentes de gesti\u00f3n, planificadores, coordinadores de arriendo y consultores sociales que apoyan a todos los residentes que requieren asistencia desde el momento que el proyecto comienza hasta que los nuevos apartamentos se entregan. La compa\u00f1\u00eda tambi\u00e9n tiene varios asesores destacados que realizan consultor\u00eda con respecto a las actividades en los \u00e1mbitos de la arquitectura, el ambiente, el transporte, las valoraciones, el impuesto, etc\u00e9tera.\nKidmat HaYovel cuenta con el respaldo de un impresionante conjunto de recursos y empresas que han invertido en la compa\u00f1\u00eda desde el primer d\u00eda, lo que avala un fuerte apoyo financiero para sus actividades, inclusive garant\u00edas del nivel m\u00e1s alto y gestiones de mayor capacidad profesional. Con esto se certifica que todos los residentes tengan tranquilidad total durante todas las fases del proyecto hasta el momento de la entrega de los apartamentos nuevos.<\/p>\t\t\t\t\t\t\t\t<\/div>\n\t\t\t\t<\/div>\n\t\t\t\t\t<\/div>\n\t\t\t\t<\/div>\n\t\t<div class=\"elementor-element elementor-element-13ff1bc e-flex e-con-boxed e-con e-parent\" data-id=\"13ff1bc\" data-element_type=\"container\" data-e-type=\"container\">\n\t\t\t\t\t<div class=\"e-con-inner\">\n\t\t\t\t<div class=\"elementor-element elementor-element-3553f52 elementor-invisible elementor-widget elementor-widget-image\" data-id=\"3553f52\" data-element_type=\"widget\" data-e-type=\"widget\" data-settings=\"{&quot;_animation&quot;:&quot;fadeInUp&quot;}\" data-widget_type=\"image.default\">\n\t\t\t\t<div class=\"elementor-widget-container\">\n\t\t\t\t\t\t\t\t\t\t\t\t\t\t\t<img decoding=\"async\" width=\"282\" height=\"88\" src=\"https:\/\/www.soho-jlm.co.il\/wp-content\/uploads\/2024\/07\/yashar-a-logo.svg\" class=\"attachment-large size-large wp-image-462\" alt=\"\" \/>\t\t\t\t\t\t\t\t\t\t\t\t\t\t\t<\/div>\n\t\t\t\t<\/div>\n\t\t\t\t<div class=\"elementor-element elementor-element-b9b2413 elementor-widget__width-initial elementor-widget-mobile__width-inherit elementor-invisible elementor-widget elementor-widget-text-editor\" data-id=\"b9b2413\" data-element_type=\"widget\" data-e-type=\"widget\" data-settings=\"{&quot;_animation&quot;:&quot;fadeInUp&quot;}\" data-widget_type=\"text-editor.default\">\n\t\t\t\t<div class=\"elementor-widget-container\">\n\t\t\t\t\t\t\t\t\t<p>Yashar Architects es una de las firmas l\u00edder internacional de arquitectura de Israel y ha plasmado una cultura de innovaci\u00f3n y creatividad por m\u00e1s de 65 a\u00f1os. Fue fundada por el arquitecto Yitzhak Yashar, qui\u00e9n dise\u00f1o muchos de los edificios culturales y p\u00fablicos m\u00e1s ic\u00f3nicos de Tel Aviv, incluido el Museo de Arte de Tel Aviv, la Facultad de Artes en la Universidad de Tel Aviv y el Centro Dizengoff.\u00a0<\/p><p>Avner Yashar ha continuado edificando en este fundamento de excelencia de dise\u00f1o, adaptando la visi\u00f3n de la firma al siglo XXI y expandi\u00e9ndola en el sector privado. Yashar Architects ha llegado a ser bien reconocida por su trabajo en los edificios de gran altura, urbanizaciones de uso mixto y dise\u00f1o urbano. Con frecuencia, la firma dise\u00f1a torres para oficinas y residenciales, y entiende la importancia de soluciones de alta densidad, y se le considera una de las firmas l\u00edder de Israel en la arquitectura de los rascacielos. Conforme a la visi\u00f3n de la firma y las necesidades del mercado global, Yashar Architects ha expandido sus actividades que incluyen varios proyectos en todo el mundo, en India, Rusia, la Rep\u00fablica Checa, Serbia, Ruman\u00eda, y muchos otros pa\u00edses m\u00e1s.<\/p><p>Yashar Architects optimiza el conocimiento profundo y la experiencia que se deriva de m\u00e1s de 65 a\u00f1os de dise\u00f1o, a la vez que es pionera del uso y aplicaci\u00f3n de las tecnolog\u00edas innovadoras. Los conocimientos, la pericia y el profesionalismo ejemplar del equipo de la firma se refleja en la atenci\u00f3n al detalle, el dise\u00f1o flexible y competente, y la compresi\u00f3n de las necesidades del usuario final. Al igual que la generaci\u00f3n pionera, la siguiente generaci\u00f3n tambi\u00e9n ha establecido altos est\u00e1ndares, con un claro sentido de la misi\u00f3n en los t\u00e9rminos del dise\u00f1o y construcci\u00f3n que elevan de manera continua el list\u00f3n de los est\u00e1ndares dise\u00f1os israel\u00edes.<\/p>\t\t\t\t\t\t\t\t<\/div>\n\t\t\t\t<\/div>\n\t\t\t\t\t<\/div>\n\t\t\t\t<\/div>\n\t\t\t\t<\/div>","protected":false},"excerpt":{"rendered":"<p>&quot;\u05d0\u05e4\u05e8\u05d9\u05e7\u05d4 \u05d4\u05ea\u05d7\u05d3\u05e9\u05d5\u05ea \u05e2\u05d9\u05e8\u05d5\u05e0\u05d9\u05ea&quot; \u05de\u05d1\u05d9\u05ea \u05d0\u05e4\u05e8\u05d9\u05e7\u05d4 \u05d9\u05e9\u05e8\u05d0\u05dc \u05de\u05d2\u05d5\u05e8\u05d9\u05dd \u05e9\u05d9\u05d9\u05db\u05ea \u05dc\u05d7\u05d1\u05e8\u05ea \u05d4\u05e0\u05d3\u05dc&quot;\u05df \u05d4\u05de\u05d5\u05d1\u05d9\u05dc\u05d4, \u05de\u05e6\u05d9\u05d1\u05d4 \u05e8\u05e3 \u05d7\u05d3\u05e9 \u05dc\u05de\u05d2\u05d5\u05e8\u05d9\u05dd \u05d1\u05d0\u05d9\u05db\u05d5\u05ea \u05d7\u05d9\u05d9\u05dd \u05d1\u05dc\u05ea\u05d9 \u05de\u05ea\u05e4\u05e9\u05e8\u05ea. \u05d4\u05e7\u05d1\u05d5\u05e6\u05d4, \u05d1\u05e2\u05dc\u05ea \u05d4\u05de\u05d5\u05ea\u05d2 &quot;\u05e1\u05d1\u05d9\u05d5\u05e0\u05d9\u05dd&quot;, \u05de\u05e0\u05e6\u05d7\u05ea \u05e2\u05dc \u05d4\u05e7\u05de\u05ea\u05df \u05e9\u05dc &quot;\u05e9\u05db\u05d5\u05e0\u05d5\u05ea \u05d4\u05e1\u05d1\u05d9\u05d5\u05e0\u05d9\u05dd&quot;, \u05d4\u05e9\u05db\u05d5\u05e0\u05d5\u05ea \u05d4\u05e7\u05d4\u05d9\u05dc\u05ea\u05d9\u05d5\u05ea \u05d4\u05d0\u05d9\u05db\u05d5\u05ea\u05d9\u05d5\u05ea \u05d1\u05d9\u05d5\u05ea\u05e8 \u05d1\u05d9\u05e9\u05e8\u05d0\u05dc \u05d4\u05de\u05e6\u05d9\u05e2\u05d5\u05ea \u05d3\u05d9\u05e8\u05d5\u05ea \u05d7\u05d3\u05e9\u05d5\u05ea \u05d1\u05e1\u05d8\u05e0\u05d3\u05e8\u05d8 \u05d1\u05e0\u05d9\u05d9\u05d4 \u05d0\u05d9\u05db\u05d5\u05ea\u05d9 \u05d5\u05d2\u05d1\u05d5\u05d4. \u05d0\u05d9\u05ea\u05e0\u05d5\u05ea \u05d4\u05d7\u05d1\u05e8\u05d4, \u05d4\u05de\u05d5\u05e0\u05d9\u05d8\u05d9\u05df \u05e8\u05d1 \u05d4\u05e9\u05e0\u05d9\u05dd \u05d5\u05d0\u05d9\u05db\u05d5\u05ea \u05d4\u05d1\u05e0\u05d9\u05d9\u05d4, \u05dc\u05e6\u05d3 \u05e9\u05d9\u05e8\u05d5\u05ea\u05d9\u05dd \u05e7\u05d4\u05d9\u05dc\u05ea\u05d9\u05d9\u05dd \u05de\u05ea\u05e7\u05d3\u05de\u05d9\u05dd \u05d5\u05e4\u05d9\u05ea\u05d5\u05d7 \u05e1\u05d1\u05d9\u05d1\u05ea\u05d9 \u05d1\u05e8\u05de\u05d4 [&hellip;]<\/p>\n","protected":false},"author":1,"featured_media":0,"parent":0,"menu_order":0,"comment_status":"closed","ping_status":"closed","template":"","meta":{"footnotes":""},"class_list":["post-457","page","type-page","status-publish","hentry"],"yoast_head":"<!-- This site is optimized with the Yoast SEO plugin v27.4 - https:\/\/yoast.com\/product\/yoast-seo-wordpress\/ -->\n<title>\u05d4\u05e6\u05d5\u05d5\u05ea - SOHO \u05d4\u05d0\u05d9\u05d9\u05e7\u05d5\u05df \u05d4\u05d7\u05d3\u05e9 \u05e9\u05dc \u05d9\u05e8\u05d5\u05e9\u05dc\u05d9\u05dd<\/title>\n<meta name=\"description\" content=\"SOHO \u05de\u05d1\u05d9\u05ea \u05d0\u05e4\u05e8\u05d9\u05e7\u05d4 \u05d4\u05ea\u05d7\u05d3\u05e9\u05d5\u05ea \u05e2\u05d9\u05e8\u05d5\u05e0\u05d9\u05ea \u05d5\u05d7\u05d1\u05e8\u05ea \u05e7\u05d3\u05de\u05ea \u05d4\u05d9\u05d5\u05d1\u05dc, \u05de\u05ea\u05d5\u05db\u05e0\u05df \u05db\u05d0\u05d9\u05d9\u05e7\u05d5\u05df \u05d9\u05d9\u05d7\u05d5\u05d3\u05d9 \u05e4\u05d5\u05e8\u05e5 \u05d3\u05e8\u05da, \u05d4\u05de\u05e9\u05e0\u05d4 \u05d0\u05ea \u05e4\u05e0\u05d9 \u05e9\u05db\u05d5\u05e0\u05ea \u05e7\u05d8\u05de\u05d5\u05df \u05d5\u05d9\u05d8\u05de\u05d9\u05e2 VIBE \u05d7\u05d3\u05e9 \u05d1\u05dc\u05d1 \u05d4\u05e2\u05d9\u05e8 \u05d9\u05e8\u05d5\u05e9\u05dc\u05d9\u05dd\" \/>\n<meta name=\"robots\" content=\"index, follow, max-snippet:-1, max-image-preview:large, max-video-preview:-1\" \/>\n<link rel=\"canonical\" href=\"https:\/\/www.soho-jlm.co.il\/es\/the-team\/\" \/>\n<meta property=\"og:locale\" content=\"es_ES\" \/>\n<meta property=\"og:type\" content=\"article\" \/>\n<meta property=\"og:title\" content=\"\u05d4\u05e6\u05d5\u05d5\u05ea - SOHO \u05d4\u05d0\u05d9\u05d9\u05e7\u05d5\u05df \u05d4\u05d7\u05d3\u05e9 \u05e9\u05dc \u05d9\u05e8\u05d5\u05e9\u05dc\u05d9\u05dd\" \/>\n<meta property=\"og:description\" content=\"SOHO \u05de\u05d1\u05d9\u05ea \u05d0\u05e4\u05e8\u05d9\u05e7\u05d4 \u05d4\u05ea\u05d7\u05d3\u05e9\u05d5\u05ea \u05e2\u05d9\u05e8\u05d5\u05e0\u05d9\u05ea \u05d5\u05d7\u05d1\u05e8\u05ea \u05e7\u05d3\u05de\u05ea \u05d4\u05d9\u05d5\u05d1\u05dc, \u05de\u05ea\u05d5\u05db\u05e0\u05df \u05db\u05d0\u05d9\u05d9\u05e7\u05d5\u05df \u05d9\u05d9\u05d7\u05d5\u05d3\u05d9 \u05e4\u05d5\u05e8\u05e5 \u05d3\u05e8\u05da, \u05d4\u05de\u05e9\u05e0\u05d4 \u05d0\u05ea \u05e4\u05e0\u05d9 \u05e9\u05db\u05d5\u05e0\u05ea \u05e7\u05d8\u05de\u05d5\u05df \u05d5\u05d9\u05d8\u05de\u05d9\u05e2 VIBE \u05d7\u05d3\u05e9 \u05d1\u05dc\u05d1 \u05d4\u05e2\u05d9\u05e8 \u05d9\u05e8\u05d5\u05e9\u05dc\u05d9\u05dd\" \/>\n<meta property=\"og:url\" content=\"https:\/\/www.soho-jlm.co.il\/es\/the-team\/\" \/>\n<meta property=\"og:site_name\" content=\"SOHO \u05d4\u05d0\u05d9\u05d9\u05e7\u05d5\u05df \u05d4\u05d7\u05d3\u05e9 \u05e9\u05dc \u05d9\u05e8\u05d5\u05e9\u05dc\u05d9\u05dd\" \/>\n<meta property=\"article:modified_time\" content=\"2025-01-20T12:17:53+00:00\" \/>\n<meta property=\"og:image\" content=\"https:\/\/www.soho-jlm.co.il\/wp-content\/uploads\/2024\/07\/team-banner.webp\" \/>\n\t<meta property=\"og:image:width\" content=\"1920\" \/>\n\t<meta property=\"og:image:height\" content=\"950\" \/>\n\t<meta property=\"og:image:type\" content=\"image\/webp\" \/>\n<meta name=\"twitter:card\" content=\"summary_large_image\" \/>\n<meta name=\"twitter:label1\" content=\"Tiempo de lectura\" \/>\n\t<meta name=\"twitter:data1\" content=\"4 minutos\" \/>\n<script type=\"application\/ld+json\" class=\"yoast-schema-graph\">{\"@context\":\"https:\\\/\\\/schema.org\",\"@graph\":[{\"@type\":\"WebPage\",\"@id\":\"https:\\\/\\\/www.soho-jlm.co.il\\\/the-team\\\/\",\"url\":\"https:\\\/\\\/www.soho-jlm.co.il\\\/the-team\\\/\",\"name\":\"\u05d4\u05e6\u05d5\u05d5\u05ea - SOHO \u05d4\u05d0\u05d9\u05d9\u05e7\u05d5\u05df \u05d4\u05d7\u05d3\u05e9 \u05e9\u05dc \u05d9\u05e8\u05d5\u05e9\u05dc\u05d9\u05dd\",\"isPartOf\":{\"@id\":\"https:\\\/\\\/www.soho-jlm.co.il\\\/#website\"},\"primaryImageOfPage\":{\"@id\":\"https:\\\/\\\/www.soho-jlm.co.il\\\/the-team\\\/#primaryimage\"},\"image\":{\"@id\":\"https:\\\/\\\/www.soho-jlm.co.il\\\/the-team\\\/#primaryimage\"},\"thumbnailUrl\":\"https:\\\/\\\/www.soho-jlm.co.il\\\/wp-content\\\/uploads\\\/2024\\\/07\\\/logo-afrikares.svg\",\"datePublished\":\"2024-07-26T22:28:38+00:00\",\"dateModified\":\"2025-01-20T12:17:53+00:00\",\"description\":\"SOHO \u05de\u05d1\u05d9\u05ea \u05d0\u05e4\u05e8\u05d9\u05e7\u05d4 \u05d4\u05ea\u05d7\u05d3\u05e9\u05d5\u05ea \u05e2\u05d9\u05e8\u05d5\u05e0\u05d9\u05ea \u05d5\u05d7\u05d1\u05e8\u05ea \u05e7\u05d3\u05de\u05ea \u05d4\u05d9\u05d5\u05d1\u05dc, \u05de\u05ea\u05d5\u05db\u05e0\u05df \u05db\u05d0\u05d9\u05d9\u05e7\u05d5\u05df \u05d9\u05d9\u05d7\u05d5\u05d3\u05d9 \u05e4\u05d5\u05e8\u05e5 \u05d3\u05e8\u05da, \u05d4\u05de\u05e9\u05e0\u05d4 \u05d0\u05ea \u05e4\u05e0\u05d9 \u05e9\u05db\u05d5\u05e0\u05ea \u05e7\u05d8\u05de\u05d5\u05df \u05d5\u05d9\u05d8\u05de\u05d9\u05e2 VIBE \u05d7\u05d3\u05e9 \u05d1\u05dc\u05d1 \u05d4\u05e2\u05d9\u05e8 \u05d9\u05e8\u05d5\u05e9\u05dc\u05d9\u05dd\",\"breadcrumb\":{\"@id\":\"https:\\\/\\\/www.soho-jlm.co.il\\\/the-team\\\/#breadcrumb\"},\"inLanguage\":\"es\",\"potentialAction\":[{\"@type\":\"ReadAction\",\"target\":[\"https:\\\/\\\/www.soho-jlm.co.il\\\/the-team\\\/\"]}]},{\"@type\":\"ImageObject\",\"inLanguage\":\"es\",\"@id\":\"https:\\\/\\\/www.soho-jlm.co.il\\\/the-team\\\/#primaryimage\",\"url\":\"https:\\\/\\\/www.soho-jlm.co.il\\\/wp-content\\\/uploads\\\/2024\\\/07\\\/logo-afrikares.svg\",\"contentUrl\":\"https:\\\/\\\/www.soho-jlm.co.il\\\/wp-content\\\/uploads\\\/2024\\\/07\\\/logo-afrikares.svg\"},{\"@type\":\"BreadcrumbList\",\"@id\":\"https:\\\/\\\/www.soho-jlm.co.il\\\/the-team\\\/#breadcrumb\",\"itemListElement\":[{\"@type\":\"ListItem\",\"position\":1,\"name\":\"Home\",\"item\":\"https:\\\/\\\/www.soho-jlm.co.il\\\/\"},{\"@type\":\"ListItem\",\"position\":2,\"name\":\"\u05d4\u05e6\u05d5\u05d5\u05ea\"}]},{\"@type\":\"WebSite\",\"@id\":\"https:\\\/\\\/www.soho-jlm.co.il\\\/#website\",\"url\":\"https:\\\/\\\/www.soho-jlm.co.il\\\/\",\"name\":\"SOHO \u05d4\u05d0\u05d9\u05d9\u05e7\u05d5\u05df \u05d4\u05d7\u05d3\u05e9 \u05e9\u05dc \u05d9\u05e8\u05d5\u05e9\u05dc\u05d9\u05dd\",\"description\":\"\",\"publisher\":{\"@id\":\"https:\\\/\\\/www.soho-jlm.co.il\\\/#organization\"},\"potentialAction\":[{\"@type\":\"SearchAction\",\"target\":{\"@type\":\"EntryPoint\",\"urlTemplate\":\"https:\\\/\\\/www.soho-jlm.co.il\\\/?s={search_term_string}\"},\"query-input\":{\"@type\":\"PropertyValueSpecification\",\"valueRequired\":true,\"valueName\":\"search_term_string\"}}],\"inLanguage\":\"es\"},{\"@type\":\"Organization\",\"@id\":\"https:\\\/\\\/www.soho-jlm.co.il\\\/#organization\",\"name\":\"SOHO \u05d4\u05d0\u05d9\u05d9\u05e7\u05d5\u05df \u05d4\u05d7\u05d3\u05e9 \u05e9\u05dc \u05d9\u05e8\u05d5\u05e9\u05dc\u05d9\u05dd\",\"url\":\"https:\\\/\\\/www.soho-jlm.co.il\\\/\",\"logo\":{\"@type\":\"ImageObject\",\"inLanguage\":\"es\",\"@id\":\"https:\\\/\\\/www.soho-jlm.co.il\\\/#\\\/schema\\\/logo\\\/image\\\/\",\"url\":\"https:\\\/\\\/www.soho-jlm.co.il\\\/wp-content\\\/uploads\\\/2024\\\/06\\\/logo.svg\",\"contentUrl\":\"https:\\\/\\\/www.soho-jlm.co.il\\\/wp-content\\\/uploads\\\/2024\\\/06\\\/logo.svg\",\"width\":252,\"height\":97,\"caption\":\"SOHO \u05d4\u05d0\u05d9\u05d9\u05e7\u05d5\u05df \u05d4\u05d7\u05d3\u05e9 \u05e9\u05dc \u05d9\u05e8\u05d5\u05e9\u05dc\u05d9\u05dd\"},\"image\":{\"@id\":\"https:\\\/\\\/www.soho-jlm.co.il\\\/#\\\/schema\\\/logo\\\/image\\\/\"}}]}<\/script>\n<!-- \/ Yoast SEO plugin. -->","yoast_head_json":{"title":"SOHO el nuevo \u00edcono de Jerusal\u00e9n: el equipo","description":"SOHO \u05de\u05d1\u05d9\u05ea \u05d0\u05e4\u05e8\u05d9\u05e7\u05d4 \u05d4\u05ea\u05d7\u05d3\u05e9\u05d5\u05ea \u05e2\u05d9\u05e8\u05d5\u05e0\u05d9\u05ea \u05d5\u05d7\u05d1\u05e8\u05ea \u05e7\u05d3\u05de\u05ea \u05d4\u05d9\u05d5\u05d1\u05dc, \u05de\u05ea\u05d5\u05db\u05e0\u05df \u05db\u05d0\u05d9\u05d9\u05e7\u05d5\u05df \u05d9\u05d9\u05d7\u05d5\u05d3\u05d9 \u05e4\u05d5\u05e8\u05e5 \u05d3\u05e8\u05da, \u05d4\u05de\u05e9\u05e0\u05d4 \u05d0\u05ea \u05e4\u05e0\u05d9 \u05e9\u05db\u05d5\u05e0\u05ea \u05e7\u05d8\u05de\u05d5\u05df \u05d5\u05d9\u05d8\u05de\u05d9\u05e2 VIBE \u05d7\u05d3\u05e9 \u05d1\u05dc\u05d1 \u05d4\u05e2\u05d9\u05e8 \u05d9\u05e8\u05d5\u05e9\u05dc\u05d9\u05dd","robots":{"index":"index","follow":"follow","max-snippet":"max-snippet:-1","max-image-preview":"max-image-preview:large","max-video-preview":"max-video-preview:-1"},"canonical":"https:\/\/www.soho-jlm.co.il\/es\/the-team\/","og_locale":"es_ES","og_type":"article","og_title":"\u05d4\u05e6\u05d5\u05d5\u05ea - SOHO \u05d4\u05d0\u05d9\u05d9\u05e7\u05d5\u05df \u05d4\u05d7\u05d3\u05e9 \u05e9\u05dc \u05d9\u05e8\u05d5\u05e9\u05dc\u05d9\u05dd","og_description":"SOHO \u05de\u05d1\u05d9\u05ea \u05d0\u05e4\u05e8\u05d9\u05e7\u05d4 \u05d4\u05ea\u05d7\u05d3\u05e9\u05d5\u05ea \u05e2\u05d9\u05e8\u05d5\u05e0\u05d9\u05ea \u05d5\u05d7\u05d1\u05e8\u05ea \u05e7\u05d3\u05de\u05ea \u05d4\u05d9\u05d5\u05d1\u05dc, \u05de\u05ea\u05d5\u05db\u05e0\u05df \u05db\u05d0\u05d9\u05d9\u05e7\u05d5\u05df \u05d9\u05d9\u05d7\u05d5\u05d3\u05d9 \u05e4\u05d5\u05e8\u05e5 \u05d3\u05e8\u05da, \u05d4\u05de\u05e9\u05e0\u05d4 \u05d0\u05ea \u05e4\u05e0\u05d9 \u05e9\u05db\u05d5\u05e0\u05ea \u05e7\u05d8\u05de\u05d5\u05df \u05d5\u05d9\u05d8\u05de\u05d9\u05e2 VIBE \u05d7\u05d3\u05e9 \u05d1\u05dc\u05d1 \u05d4\u05e2\u05d9\u05e8 \u05d9\u05e8\u05d5\u05e9\u05dc\u05d9\u05dd","og_url":"https:\/\/www.soho-jlm.co.il\/es\/the-team\/","og_site_name":"SOHO \u05d4\u05d0\u05d9\u05d9\u05e7\u05d5\u05df \u05d4\u05d7\u05d3\u05e9 \u05e9\u05dc \u05d9\u05e8\u05d5\u05e9\u05dc\u05d9\u05dd","article_modified_time":"2025-01-20T12:17:53+00:00","og_image":[{"width":1920,"height":950,"url":"https:\/\/www.soho-jlm.co.il\/wp-content\/uploads\/2024\/07\/team-banner.webp","type":"image\/webp"}],"twitter_card":"summary_large_image","twitter_misc":{"Tiempo de lectura":"4 minutos"},"schema":{"@context":"https:\/\/schema.org","@graph":[{"@type":"WebPage","@id":"https:\/\/www.soho-jlm.co.il\/the-team\/","url":"https:\/\/www.soho-jlm.co.il\/the-team\/","name":"SOHO el nuevo \u00edcono de Jerusal\u00e9n: el equipo","isPartOf":{"@id":"https:\/\/www.soho-jlm.co.il\/#website"},"primaryImageOfPage":{"@id":"https:\/\/www.soho-jlm.co.il\/the-team\/#primaryimage"},"image":{"@id":"https:\/\/www.soho-jlm.co.il\/the-team\/#primaryimage"},"thumbnailUrl":"https:\/\/www.soho-jlm.co.il\/wp-content\/uploads\/2024\/07\/logo-afrikares.svg","datePublished":"2024-07-26T22:28:38+00:00","dateModified":"2025-01-20T12:17:53+00:00","description":"SOHO \u05de\u05d1\u05d9\u05ea \u05d0\u05e4\u05e8\u05d9\u05e7\u05d4 \u05d4\u05ea\u05d7\u05d3\u05e9\u05d5\u05ea \u05e2\u05d9\u05e8\u05d5\u05e0\u05d9\u05ea \u05d5\u05d7\u05d1\u05e8\u05ea \u05e7\u05d3\u05de\u05ea \u05d4\u05d9\u05d5\u05d1\u05dc, \u05de\u05ea\u05d5\u05db\u05e0\u05df \u05db\u05d0\u05d9\u05d9\u05e7\u05d5\u05df \u05d9\u05d9\u05d7\u05d5\u05d3\u05d9 \u05e4\u05d5\u05e8\u05e5 \u05d3\u05e8\u05da, \u05d4\u05de\u05e9\u05e0\u05d4 \u05d0\u05ea \u05e4\u05e0\u05d9 \u05e9\u05db\u05d5\u05e0\u05ea \u05e7\u05d8\u05de\u05d5\u05df \u05d5\u05d9\u05d8\u05de\u05d9\u05e2 VIBE \u05d7\u05d3\u05e9 \u05d1\u05dc\u05d1 \u05d4\u05e2\u05d9\u05e8 \u05d9\u05e8\u05d5\u05e9\u05dc\u05d9\u05dd","breadcrumb":{"@id":"https:\/\/www.soho-jlm.co.il\/the-team\/#breadcrumb"},"inLanguage":"es","potentialAction":[{"@type":"ReadAction","target":["https:\/\/www.soho-jlm.co.il\/the-team\/"]}]},{"@type":"ImageObject","inLanguage":"es","@id":"https:\/\/www.soho-jlm.co.il\/the-team\/#primaryimage","url":"https:\/\/www.soho-jlm.co.il\/wp-content\/uploads\/2024\/07\/logo-afrikares.svg","contentUrl":"https:\/\/www.soho-jlm.co.il\/wp-content\/uploads\/2024\/07\/logo-afrikares.svg"},{"@type":"BreadcrumbList","@id":"https:\/\/www.soho-jlm.co.il\/the-team\/#breadcrumb","itemListElement":[{"@type":"ListItem","position":1,"name":"Home","item":"https:\/\/www.soho-jlm.co.il\/"},{"@type":"ListItem","position":2,"name":"\u05d4\u05e6\u05d5\u05d5\u05ea"}]},{"@type":"WebSite","@id":"https:\/\/www.soho-jlm.co.il\/#website","url":"https:\/\/www.soho-jlm.co.il\/","name":"SOHO \u05d4\u05d0\u05d9\u05d9\u05e7\u05d5\u05df \u05d4\u05d7\u05d3\u05e9 \u05e9\u05dc \u05d9\u05e8\u05d5\u05e9\u05dc\u05d9\u05dd","description":"","publisher":{"@id":"https:\/\/www.soho-jlm.co.il\/#organization"},"potentialAction":[{"@type":"SearchAction","target":{"@type":"EntryPoint","urlTemplate":"https:\/\/www.soho-jlm.co.il\/?s={search_term_string}"},"query-input":{"@type":"PropertyValueSpecification","valueRequired":true,"valueName":"search_term_string"}}],"inLanguage":"es"},{"@type":"Organization","@id":"https:\/\/www.soho-jlm.co.il\/#organization","name":"SOHO \u05d4\u05d0\u05d9\u05d9\u05e7\u05d5\u05df \u05d4\u05d7\u05d3\u05e9 \u05e9\u05dc \u05d9\u05e8\u05d5\u05e9\u05dc\u05d9\u05dd","url":"https:\/\/www.soho-jlm.co.il\/","logo":{"@type":"ImageObject","inLanguage":"es","@id":"https:\/\/www.soho-jlm.co.il\/#\/schema\/logo\/image\/","url":"https:\/\/www.soho-jlm.co.il\/wp-content\/uploads\/2024\/06\/logo.svg","contentUrl":"https:\/\/www.soho-jlm.co.il\/wp-content\/uploads\/2024\/06\/logo.svg","width":252,"height":97,"caption":"SOHO \u05d4\u05d0\u05d9\u05d9\u05e7\u05d5\u05df \u05d4\u05d7\u05d3\u05e9 \u05e9\u05dc \u05d9\u05e8\u05d5\u05e9\u05dc\u05d9\u05dd"},"image":{"@id":"https:\/\/www.soho-jlm.co.il\/#\/schema\/logo\/image\/"}}]}},"_links":{"self":[{"href":"https:\/\/www.soho-jlm.co.il\/es\/wp-json\/wp\/v2\/pages\/457","targetHints":{"allow":["GET"]}}],"collection":[{"href":"https:\/\/www.soho-jlm.co.il\/es\/wp-json\/wp\/v2\/pages"}],"about":[{"href":"https:\/\/www.soho-jlm.co.il\/es\/wp-json\/wp\/v2\/types\/page"}],"author":[{"embeddable":true,"href":"https:\/\/www.soho-jlm.co.il\/es\/wp-json\/wp\/v2\/users\/1"}],"replies":[{"embeddable":true,"href":"https:\/\/www.soho-jlm.co.il\/es\/wp-json\/wp\/v2\/comments?post=457"}],"version-history":[{"count":3,"href":"https:\/\/www.soho-jlm.co.il\/es\/wp-json\/wp\/v2\/pages\/457\/revisions"}],"predecessor-version":[{"id":1208,"href":"https:\/\/www.soho-jlm.co.il\/es\/wp-json\/wp\/v2\/pages\/457\/revisions\/1208"}],"wp:attachment":[{"href":"https:\/\/www.soho-jlm.co.il\/es\/wp-json\/wp\/v2\/media?parent=457"}],"curies":[{"name":"wp","href":"https:\/\/api.w.org\/{rel}","templated":true}]}}